{"id":10317,"date":"2021-05-05T13:45:49","date_gmt":"2021-09-18T09:20:41","guid":{"rendered":"https:\/\/www.yshiatsu.com\/?post_type=product&#038;p=10317"},"modified":"2024-04-01T02:30:18","modified_gmt":"2024-04-01T00:30:18","slug":"pac-criolipolisis-2-zonas-tratamiento-regalo-4-reafirmacion-hi-sculpt","status":"publish","type":"product","link":"https:\/\/www.yshiatsu.com\/es\/producte\/pac-criolipolisis-2-zonas-tratamiento-regalo-4-reafirmacion-hi-sculpt\/","title":{"rendered":"PAC CRIOLIPOLISIS 2 ZONAS TRATAMIENTO. REGALO 4 reafirmaci\u00f3n HI-Sculpt"},"content":{"rendered":"<p>PAC CRIOLIPOLISIS<br \/>\n2 ZONAS TRATAMIENTO.<br \/>\n2 ZONAS: (gl\u00fateos + BRAZOS; BARRIGA + MUSLOS; entrepierna + FLANCOS &#8230; ETC)<\/p>\n<p>LAS DOS ZONAS 120 \u20ac<br \/>\n5 TRATAMIENTOS TOTALES \/\/ 1 TRATAMIENTO AL MES. + REGALO: 4 HI-Sculpt (APARATO REAFIRMANTE) corporales GRATUITAS<\/p>\n<p>CRIOLIPOLISIS COCOON: RESULTADOS SORPRENDENTES<br \/>\nDefinitivamente, el mayor atractivo de la Criolip\u00f3lisis Cocoon es que es una alternativa a la liposucci\u00f3n, de este modo un tratamiento no invasivo para lograr su objetivo.<\/p>\n<p>As\u00ed que a continuaci\u00f3n, te vamos a aclarar las dudas m\u00e1s recurrentes que se hacen las personas que buscan un tratamiento seguro y efectivo para eliminar la grasa localizada.<\/p>\n<p>Como es una sesi\u00f3n de Criolip\u00f3lisis Cocoon?<\/p>\n<p>Durante cada sesi\u00f3n, la cual tiene una duraci\u00f3n de m\u00e1ximo 1 hora (seg\u00fan el tama\u00f1o del \u00e1rea a tratar) se utiliza un cabezal que aplica una ligera presi\u00f3n y por supuesto, fr\u00edo.<\/p>\n<p>Como te hemos dicho, es una t\u00e9cnica no invasiva y no vas a sentir ning\u00fan dolor, por tal motivo no requiere del uso de anestesia ni agujas para su aplicaci\u00f3n.<\/p>\n<p>Es posible que llegues a sentir sensaci\u00f3n de hormigueo, que normalmente desaparece en pocos minutos, as\u00ed que no te preocupes, ni tu piel ni tus tejidos se ver\u00e1n afectados durante las sesiones.<\/p>\n","protected":false},"excerpt":{"rendered":"<p>Criolip\u00f3lisis Cocoon se convierte en la protagonista. Con este efectivo tratamiento se destruyen los c\u00famulos de grasa de forma selectiva, sin afectar al resto de tejidos adyacentes.<\/p>\n<p>C\u00f3mo es esto posible? Sencillo, el tratamiento funciona aplicando fr\u00edo controlado hacia la zona que se quiere tratar y act\u00faa eliminando el exceso de adipocitos y de paso modelando la figura.<\/p>\n","protected":false},"featured_media":13306,"template":"","meta":[],"_links":{"self":[{"href":"https:\/\/www.yshiatsu.com\/es\/wp-json\/wp\/v2\/product\/10317"}],"collection":[{"href":"https:\/\/www.yshiatsu.com\/es\/wp-json\/wp\/v2\/product"}],"about":[{"href":"https:\/\/www.yshiatsu.com\/es\/wp-json\/wp\/v2\/types\/product"}],"wp:featuredmedia":[{"embeddable":true,"href":"https:\/\/www.yshiatsu.com\/es\/wp-json\/wp\/v2\/media\/13306"}],"wp:attachment":[{"href":"https:\/\/www.yshiatsu.com\/es\/wp-json\/wp\/v2\/media?parent=10317"}],"curies":[{"name":"wp","href":"https:\/\/api.w.org\/{rel}","templated":true}]}}