{"id":10828,"date":"2021-10-23T11:06:35","date_gmt":"2021-10-23T09:06:35","guid":{"rendered":"https:\/\/www.yshiatsu.com\/?post_type=product&#038;p=10828"},"modified":"2021-10-23T11:06:36","modified_gmt":"2021-10-23T09:06:36","slug":"crema-hidratante-de-aloe-vera-y-rosa-mosqueta-200ml","status":"publish","type":"product","link":"https:\/\/www.yshiatsu.com\/es\/producte\/crema-hidratante-de-aloe-vera-y-rosa-mosqueta-200ml\/","title":{"rendered":"Crema Hidratante De Aloe Vera Y Rosa Mosqueta &#8211; 200ml"},"content":{"rendered":"<p>Crema hidratante con Aloe Vera y Rosa Mosqueta, ideal para pieles tras tratamiento UVA, sol\u00e1rium o depilaci\u00f3n l\u00e1ser.<br \/>\nSu alto contenido en Aloe Vera y Rosa Mosqueta ayuda a recuperar la elasticidad y flexibilidad de la piel, hidrat\u00e1ndola en profundidad, y reduciendo la irritaci\u00f3n y la tirantez.<\/p>\n<p>F\u00d3RMULA MEJORADA \u00b7 CONTIENE VITAMINA E<\/p>\n","protected":false},"excerpt":{"rendered":"<p>F\u00d3RMULA MEJORADA \u00b7 CONTIENE VITAMINA E<\/p>\n<p>200ML<\/p>\n","protected":false},"featured_media":10826,"template":"","meta":[],"_links":{"self":[{"href":"https:\/\/www.yshiatsu.com\/es\/wp-json\/wp\/v2\/product\/10828"}],"collection":[{"href":"https:\/\/www.yshiatsu.com\/es\/wp-json\/wp\/v2\/product"}],"about":[{"href":"https:\/\/www.yshiatsu.com\/es\/wp-json\/wp\/v2\/types\/product"}],"wp:featuredmedia":[{"embeddable":true,"href":"https:\/\/www.yshiatsu.com\/es\/wp-json\/wp\/v2\/media\/10826"}],"wp:attachment":[{"href":"https:\/\/www.yshiatsu.com\/es\/wp-json\/wp\/v2\/media?parent=10828"}],"curies":[{"name":"wp","href":"https:\/\/api.w.org\/{rel}","templated":true}]}}