{"id":10851,"date":"2021-10-23T11:37:06","date_gmt":"2021-10-23T09:37:06","guid":{"rendered":"https:\/\/www.yshiatsu.com\/?post_type=product&#038;p=10851"},"modified":"2021-10-23T11:37:06","modified_gmt":"2021-10-23T09:37:06","slug":"emulsion-hidratante-ph5-750-ml","status":"publish","type":"product","link":"https:\/\/www.yshiatsu.com\/es\/producte\/emulsion-hidratante-ph5-750-ml\/","title":{"rendered":"Emulsi\u00f3n Hidratante PH5 &#8211; 750 Ml"},"content":{"rendered":"<p>F\u00f3rmula ideal para uso diario y en especial usos intensivos. Cuida y protege la piel, tambi\u00e9n indicada para pacientes con prolongada inmovilidad. Indicada para despu\u00e9s del aseo, ducha o ba\u00f1o.<br \/>\nNo engrasa.<\/p>\n","protected":false},"excerpt":{"rendered":"<p>F\u00f3rmula ideal para uso diario y en especial usos intensivos. Cuida y protege la piel, tambi\u00e9n indicada para pacientes con prolongada inmovilidad. Indicada para despu\u00e9s del<span class=\"excerpt-hellip\"> [\u2026]<\/span><\/p>\n","protected":false},"featured_media":10849,"template":"","meta":[],"_links":{"self":[{"href":"https:\/\/www.yshiatsu.com\/es\/wp-json\/wp\/v2\/product\/10851"}],"collection":[{"href":"https:\/\/www.yshiatsu.com\/es\/wp-json\/wp\/v2\/product"}],"about":[{"href":"https:\/\/www.yshiatsu.com\/es\/wp-json\/wp\/v2\/types\/product"}],"wp:featuredmedia":[{"embeddable":true,"href":"https:\/\/www.yshiatsu.com\/es\/wp-json\/wp\/v2\/media\/10849"}],"wp:attachment":[{"href":"https:\/\/www.yshiatsu.com\/es\/wp-json\/wp\/v2\/media?parent=10851"}],"curies":[{"name":"wp","href":"https:\/\/api.w.org\/{rel}","templated":true}]}}