{"id":10884,"date":"2021-10-23T13:22:30","date_gmt":"2021-10-23T11:23:49","guid":{"rendered":"https:\/\/www.yshiatsu.com\/?post_type=product&#038;p=10884"},"modified":"2021-11-13T10:49:43","modified_gmt":"2021-11-13T09:49:43","slug":"crema-hidratante-intenso-con-acido-hialuronico-y-colageno-marino-500ml","status":"publish","type":"product","link":"https:\/\/www.yshiatsu.com\/es\/producte\/crema-hidratante-intenso-con-acido-hialuronico-y-colageno-marino-500ml\/","title":{"rendered":"Crema Hidratante Intenso Con \u00c1cido Hialur\u00f3nico Y Col\u00e1geno Marino &#8211; 500ML"},"content":{"rendered":"<p>Crema extraordinaria de textura ligera e intensa. La combinaci\u00f3n del \u00c1cido Hialur\u00f3nico, Col\u00e1geno Marino y Elastina Marina incrementa los efectos regeneradores de la crema. LIBRE DE PARABENOS Y ALCOHOL<\/p>\n","protected":false},"excerpt":{"rendered":"<p>Crema extraordinaria de textura ligera e intensa. La combinaci\u00f3n del \u00c1cido Hialur\u00f3nico, Col\u00e1geno Marino y Elastina Marina incrementa los efectos regeneradores de la crema. LIBRE DE<span class=\"excerpt-hellip\"> [\u2026]<\/span><\/p>\n","protected":false},"featured_media":10883,"template":"","meta":[],"_links":{"self":[{"href":"https:\/\/www.yshiatsu.com\/es\/wp-json\/wp\/v2\/product\/10884"}],"collection":[{"href":"https:\/\/www.yshiatsu.com\/es\/wp-json\/wp\/v2\/product"}],"about":[{"href":"https:\/\/www.yshiatsu.com\/es\/wp-json\/wp\/v2\/types\/product"}],"wp:featuredmedia":[{"embeddable":true,"href":"https:\/\/www.yshiatsu.com\/es\/wp-json\/wp\/v2\/media\/10883"}],"wp:attachment":[{"href":"https:\/\/www.yshiatsu.com\/es\/wp-json\/wp\/v2\/media?parent=10884"}],"curies":[{"name":"wp","href":"https:\/\/api.w.org\/{rel}","templated":true}]}}