{"id":10902,"date":"2021-10-23T13:52:42","date_gmt":"2021-10-23T11:52:42","guid":{"rendered":"https:\/\/www.yshiatsu.com\/?post_type=product&#038;p=10902"},"modified":"2021-10-23T13:52:43","modified_gmt":"2021-10-23T11:52:43","slug":"rhose-maquillaje-labial-lip-gloss","status":"publish","type":"product","link":"https:\/\/www.yshiatsu.com\/es\/producte\/rhose-maquillaje-labial-lip-gloss\/","title":{"rendered":"Rhose.maquillaje labial Lip Gloss."},"content":{"rendered":"<p>Rhose Cosmetics le da la posibilidad de realzar ese maquillaje labial con nuestro Lip Gloss. Unos labios siempre brillantes, s\u00f3lo un toque de distinci\u00f3n o sofisticados, como tu quieras.<\/p>\n<p>Un buen complemento para los pintalabios que dar\u00e1 un resultado final espectacular.<br \/>\nLa textura suave y cremosa consigue un brillo extremo efecto mojado en los labios.<br \/>\nA su disposici\u00f3n tiene todo nuestro abanico de tonalidades desde tonalidades naturales y colores intensos, as\u00ed como en tonos con acabado multicolor.<br \/>\nEste efecto es perfecto para las mujeres que buscan generar m\u00e1s volumen en sus labios porque su textura brillante genera una ilusi\u00f3n de labios m\u00e1s abultados.<\/p>\n","protected":false},"excerpt":{"rendered":"<p>Rhose Cosmetics le da la posibilidad de realzar ese maquillaje labial con nuestro Lip Gloss. Unos labios siempre brillantes, s\u00f3lo un toque de distinci\u00f3n o sofisticados,<span class=\"excerpt-hellip\"> [\u2026]<\/span><\/p>\n","protected":false},"featured_media":10900,"template":"","meta":[],"_links":{"self":[{"href":"https:\/\/www.yshiatsu.com\/es\/wp-json\/wp\/v2\/product\/10902"}],"collection":[{"href":"https:\/\/www.yshiatsu.com\/es\/wp-json\/wp\/v2\/product"}],"about":[{"href":"https:\/\/www.yshiatsu.com\/es\/wp-json\/wp\/v2\/types\/product"}],"wp:featuredmedia":[{"embeddable":true,"href":"https:\/\/www.yshiatsu.com\/es\/wp-json\/wp\/v2\/media\/10900"}],"wp:attachment":[{"href":"https:\/\/www.yshiatsu.com\/es\/wp-json\/wp\/v2\/media?parent=10902"}],"curies":[{"name":"wp","href":"https:\/\/api.w.org\/{rel}","templated":true}]}}