{"id":10903,"date":"2021-10-23T14:02:08","date_gmt":"2021-10-23T12:02:08","guid":{"rendered":"https:\/\/www.yshiatsu.com\/?post_type=product&#038;p=10903"},"modified":"2021-10-23T14:14:35","modified_gmt":"2021-10-23T12:14:35","slug":"jorge-de-la-garza-lip-velvetbarra-de-labios-jumbo-waterproof","status":"publish","type":"product","link":"https:\/\/www.yshiatsu.com\/es\/producte\/jorge-de-la-garza-lip-velvetbarra-de-labios-jumbo-waterproof\/","title":{"rendered":"JORGE DE LA GARZA Lip VelvetBarra de labios jumbo waterproof"},"content":{"rendered":"<p> Ingredientes<br \/>\nL\u00e1piz de labios en formato stick que proporciona una textura cremosa, un acabado semi-mate aterciopelado y un color intenso.Su avanzada formulaci\u00f3n permite llevarlo durante horas sin sentir sequedad en los labios, adem\u00e1s es waterproof. Su dise\u00f1o en formato stick permite aplicarlo directamente desde el envase. Si se desea un acabado m\u00e1s perfecto puede aplicarse mediante un pincel. Para sacarle punta utilizar el sacapuntas.<\/p>\n","protected":false},"excerpt":{"rendered":"<p>Ingredientes L\u00e1piz de labios en formato stick que proporciona una textura cremosa, un acabado semi-mate aterciopelado y un color intenso.Su avanzada formulaci\u00f3n permite llevarlo durante horas<span class=\"excerpt-hellip\"> [\u2026]<\/span><\/p>\n","protected":false},"featured_media":10906,"template":"","meta":[],"_links":{"self":[{"href":"https:\/\/www.yshiatsu.com\/es\/wp-json\/wp\/v2\/product\/10903"}],"collection":[{"href":"https:\/\/www.yshiatsu.com\/es\/wp-json\/wp\/v2\/product"}],"about":[{"href":"https:\/\/www.yshiatsu.com\/es\/wp-json\/wp\/v2\/types\/product"}],"wp:featuredmedia":[{"embeddable":true,"href":"https:\/\/www.yshiatsu.com\/es\/wp-json\/wp\/v2\/media\/10906"}],"wp:attachment":[{"href":"https:\/\/www.yshiatsu.com\/es\/wp-json\/wp\/v2\/media?parent=10903"}],"curies":[{"name":"wp","href":"https:\/\/api.w.org\/{rel}","templated":true}]}}