{"id":10968,"date":"2021-10-26T10:34:43","date_gmt":"2021-10-26T08:34:43","guid":{"rendered":"https:\/\/www.yshiatsu.com\/?post_type=product&#038;p=10968"},"modified":"2021-10-26T10:34:43","modified_gmt":"2021-10-26T08:34:43","slug":"summesun-spf50-pieles-sensibles-crema-protectora-solar-75ml","status":"publish","type":"product","link":"https:\/\/www.yshiatsu.com\/es\/producte\/summesun-spf50-pieles-sensibles-crema-protectora-solar-75ml\/","title":{"rendered":"SUMMESUN SPF50 + PIELES SENSIBLES CREMA PROTECTORA SOLAR 75ml"},"content":{"rendered":"<p>PRINCIPIS ACTIUS<br \/>\nPROTE\u00cfNES DE SOJA (Glycine soja Protein): Protegeixen el dany en l&#8217;estructura d\u00e8rmica provocat per les radiacions solars a causa de l&#8217;alliberament de radicals lliures. Bloquegen la seva acci\u00f3, prevenint l&#8217;envelliment cutani.<\/p>\n<p>ALOE VERA (Aloe Barbadensis Leaf Juice): Les seves propietats hidratant i suavitzant li atorguen la capacitat de retenir les mol\u00e8cules d&#8217;aigua i, d&#8217;aquesta manera, refresca i disminueix l&#8217;exc\u00e9s de temperatura que s&#8217;acumula durant l&#8217;exposici\u00f3 solar.<\/p>\n<p>EXTRACTE DE CAMAMILLA (Chamomilla recutita Extract): Ric en flavonoides, subst\u00e0ncia protectora natural que ajuda a contrarestar els efectes nocius dels UVB, afavorint l&#8217;acci\u00f3 calmant i descongestiva dels estrats m\u00e9s superficials de la pell durant les exposicions solars.<\/p>\n<p>Super\u00f2xid dismutasa (Superoxide Dismutase): Enzims que s&#8217;encarreguen de bloquejar l&#8217;acci\u00f3 dels radicals lliures a causa del seu gran poder antioxidant. Generen un escut defensiu protegint a les c\u00e8l\u00b7lules exposades als radicals d&#8217;oxigen que es generen durant les exposicions solars.<\/p>\n<p>\u00c0CID HIALUR\u00d2NIC (Sodium Hyaluronate): A m\u00e9s de la import\u00e0ncia de la hidrataci\u00f3 durant l&#8217;exposici\u00f3 solar, \u00e9s tamb\u00e9 fonamental prevenir la deshidrataci\u00f3, per no esgotar les reserves naturals de la pell i deixar-la desprotegida davant una agressi\u00f3 externa com la radiaci\u00f3 UV.<\/p>\n<p>Bisabolol (Bisabolol): Actiu d&#8217;origen vegetal, s&#8217;extreu de la Camamilla, les seves propietats calmants i descongestives ajuden a accelerar el proc\u00e9s de descongesti\u00f3 de la pell mentre est\u00e0 sotmesa a radiacions solars. A m\u00e9s, \u00e9s ric en antioxidants per lluitar contra el fotoenvelliment cutani.<br \/>\nCOMPOSICI\u00d3<br \/>\nAQUA, ETHYLHEXYL METHOXYCINNAMATE, butyl METHOXYDIBENZOYLMETHANE, BUTYLENE GLYCOL, Glycerin, Caprylic \/ Capric TRIGLYCERIDE, Aloe barbadensis LEAF JUICE, OCTOCRYLENE, Sodium HYALURONATE, chamomilla recutita EXTRACT, LACTIC ACID, glucose, CITRIC ACID, bisabolol, Glycine SOJA PROTEIN, SUPEROXIDE DISMUTASE, Sodium dextr\u00e1n sulfate, carbomer, TOCOPHERYL acetate, PROPYL gallate, TOCOPHEROL, TETRASODIUM GLUTAMATE DIACETATE, PEG-40 HYDROGENATED CASTOR OIL, PHOSPHOLIPIDS, propylene GLYCOL, * Sodium * Hydroxide, ETHOXYDIGLYCOL, Phenoxyethanol, IMIDAZOLIDINYL UREA, ETHYLHEXYLGLYCERIN, potassium SORBATE, Sodium benzoate, PARFUM, Benzyl salicylate, TETRAMETHYL ACETYLOCTAHYDRONAPHTHALENES, linalool, ethylene BRASSYLATE, CIS-3-HEXENYL salicylate, TETRAHYDRO-METHYL-METHYLPROPYL) -PYRAN-4-OL, VANILLIN, PHENYLETHYL ALCOHOL, ethyl TRIMETHYLCYCLOPENTENE BUTENOL, LINALYL acetate, 2-T-BUTYLCYCLOHEXYL acetate, BETA -IONONE, METHYLENEDIOXYPHENYL METHYLPROPANAL, DIMETHYLBENZYL CARBINYL acetate.<\/p>\n","protected":false},"excerpt":{"rendered":"<p>DESCRIPCI\u00d3<br \/>\nProtector solar facial que proporciona una molt alta protecci\u00f3 UV. Ideal per a pells sensibles. Tacte no gras. Textura lleugera. Est\u00e0 formulat amb Prote\u00efnes de Soja que protegeixen l&#8217;estructura cel\u00b7lular i ajuden a prevenir els signes de fotoenvelliment i l&#8217;aparici\u00f3 de taques cut\u00e0nies (DNA Protection), bloquejant l&#8217;acci\u00f3 oxidativa dels radicals lliures. A m\u00e9s cont\u00e9 \u00e0cid hialur\u00f2nic que mant\u00e9 el nivell \u00f2ptim d&#8217;hidrataci\u00f3 de la pell.<br \/>\nFACIAL<\/p>\n<p>ACCIONS<br \/>\n\u2022 Protectora Solar.<br \/>\n\u2022 Hidratant.<br \/>\n\u2022 Preventiva de la deshidrataci\u00f3 superficial.<br \/>\n\u2022 Regenerant.<br \/>\n\u2022 Calmant.<br \/>\nRESULTAT<br \/>\nUna pell protegida contra les radiacions UV, amb una funci\u00f3 barrera refor\u00e7ada durant l&#8217;exposici\u00f3 solar, de textura lleugera sense residus superficials.<\/p>\n","protected":false},"featured_media":8896,"template":"","meta":[],"_links":{"self":[{"href":"https:\/\/www.yshiatsu.com\/es\/wp-json\/wp\/v2\/product\/10968"}],"collection":[{"href":"https:\/\/www.yshiatsu.com\/es\/wp-json\/wp\/v2\/product"}],"about":[{"href":"https:\/\/www.yshiatsu.com\/es\/wp-json\/wp\/v2\/types\/product"}],"wp:featuredmedia":[{"embeddable":true,"href":"https:\/\/www.yshiatsu.com\/es\/wp-json\/wp\/v2\/media\/8896"}],"wp:attachment":[{"href":"https:\/\/www.yshiatsu.com\/es\/wp-json\/wp\/v2\/media?parent=10968"}],"curies":[{"name":"wp","href":"https:\/\/api.w.org\/{rel}","templated":true}]}}