{"id":10977,"date":"2021-10-26T10:59:23","date_gmt":"2021-10-26T08:59:23","guid":{"rendered":"https:\/\/www.yshiatsu.com\/?post_type=product&#038;p=10977"},"modified":"2021-10-26T11:00:08","modified_gmt":"2021-10-26T09:00:08","slug":"aceite-seco-protector-spf15-150ml-skeyndor","status":"publish","type":"product","link":"https:\/\/www.yshiatsu.com\/es\/producte\/aceite-seco-protector-spf15-150ml-skeyndor\/","title":{"rendered":"Aceite seco protector SPF15. 150ML.SKEYNDOR"},"content":{"rendered":"<p>PRINCIPIOS ACTIVOS<br \/>\nRonacare\u00ae AP: Potencia y estabiliza los filtros solares. Protege contra los infrarrojos (IR). Anti-radicales libres.<\/p>\n<p>Extracto de Cramble Mar\u00edtima: Protege el ADN de las c\u00e9lulas madre, preservando la capacidad de reparaci\u00f3n de la piel.<\/p>\n<p>Extracto de Jengibre: Protege contra el Visible de Alta Energia (HEV). Anti-radicales libres.<\/p>\n<p>TIPO DE PIEL<br \/>\nTodo tipo de pieles.<\/p>\n<p>CONSEJOS DE APLICACI\u00d3N<br \/>\nAplicar antes de la exposici\u00f3n al sol. Aplicar en la piel una peque\u00f1a cantidad para cada extremidad. No pulverizar directamente sobre el rostro. Evitar el contacto con los ojos, mucosas o piel da\u00f1ada. Para mantener la protecci\u00f3n repetir con frecuencia la aplicaci\u00f3n del producto. Tambien se puede aplicar sobre el cabello.<\/p>\n","protected":false},"excerpt":{"rendered":"<p>DESCRIPCI\u00d3N<br \/>\nProtector en spray con protecci\u00f3n solar alta (SPF50) para proteger las pieles de alto riesgo o sensibles al sol. Protector de muy amplio espectro UVB, UVA, IR y HEVis. Reduce los da\u00f1os HEVis, ejerciendo un efecto de protecci\u00f3n indirecta de la luz azul HEVis. Act\u00faa como antioxidante especializado. Recomendado para pieles sensibles al sol.<\/p>\n<p>ACCIONES<br \/>\nProtege del fotoenvejecimiento prematuro.<\/p>\n<p>Reduce la aparici\u00f3n de manchas inducidas por el sol.<\/p>\n<p>Anti irritante.<\/p>\n<p>Antioxidante.<\/p>\n<p>Protecci\u00f3n para el cabello.<\/p>\n","protected":false},"featured_media":10976,"template":"","meta":[],"_links":{"self":[{"href":"https:\/\/www.yshiatsu.com\/es\/wp-json\/wp\/v2\/product\/10977"}],"collection":[{"href":"https:\/\/www.yshiatsu.com\/es\/wp-json\/wp\/v2\/product"}],"about":[{"href":"https:\/\/www.yshiatsu.com\/es\/wp-json\/wp\/v2\/types\/product"}],"wp:featuredmedia":[{"embeddable":true,"href":"https:\/\/www.yshiatsu.com\/es\/wp-json\/wp\/v2\/media\/10976"}],"wp:attachment":[{"href":"https:\/\/www.yshiatsu.com\/es\/wp-json\/wp\/v2\/media?parent=10977"}],"curies":[{"name":"wp","href":"https:\/\/api.w.org\/{rel}","templated":true}]}}