{"id":10998,"date":"2021-10-26T15:29:50","date_gmt":"2021-10-26T13:29:50","guid":{"rendered":"https:\/\/www.yshiatsu.com\/?post_type=product&#038;p=10998"},"modified":"2021-10-26T15:29:50","modified_gmt":"2021-10-26T13:29:50","slug":"fluido-protector-spf10-facial-con-color-sothys","status":"publish","type":"product","link":"https:\/\/www.yshiatsu.com\/es\/producte\/fluido-protector-spf10-facial-con-color-sothys\/","title":{"rendered":"Fluido protector SPF10 &#8211; Facial Con color. SOTHYS"},"content":{"rendered":"<p>Fluido protector SPF10 &#8211; Facial Con color. SOTHYS<br \/>\nPara una piel con alta protecci\u00f3n y un bronceado luminoso bajo control. Textura fluida resistente al agua, en frasco dosificador ultrapr\u00e1ctico.<\/p>\n<p>ACTIVOS<br \/>\nALGA CAL\u00adCI\u00adFI\u00adCADA<br \/>\nAyudar a luchar contra los infrarrojos (IR).<\/p>\n<p>EX\u00adTRACTO DE FLOR DE GI\u00adRA\u00adSOL<br \/>\nLimitar la aparici\u00f3n de c\u00e9lulas da\u00f1adas por el sol y reforzar la protecci\u00f3n natural de la piel.<\/p>\n<p>CEL\u00adLI\u00adGENT\u2122<br \/>\nOptimizar el funcionamiento celular de la piel y preservar su capital de juventud.<\/p>\n","protected":false},"excerpt":{"rendered":"<p>UTILIZACI\u00d3N<br \/>\nAplicar generosamente sobre rostro y cuerpo antes de la exposici\u00f3n al sol. Evitar el contorno de los ojos. Renovar la aplicaci\u00f3n con frecuencia.<br \/>\nBENEFICIOS<br \/>\nAdorna la piel con un bronceado dorado y luminoso.<br \/>\nFRAGANCIAS<br \/>\nFloral<\/p>\n<p>Almizcle<\/p>\n<p>Avainillado<\/p>\n","protected":false},"featured_media":10996,"template":"","meta":[],"_links":{"self":[{"href":"https:\/\/www.yshiatsu.com\/es\/wp-json\/wp\/v2\/product\/10998"}],"collection":[{"href":"https:\/\/www.yshiatsu.com\/es\/wp-json\/wp\/v2\/product"}],"about":[{"href":"https:\/\/www.yshiatsu.com\/es\/wp-json\/wp\/v2\/types\/product"}],"wp:featuredmedia":[{"embeddable":true,"href":"https:\/\/www.yshiatsu.com\/es\/wp-json\/wp\/v2\/media\/10996"}],"wp:attachment":[{"href":"https:\/\/www.yshiatsu.com\/es\/wp-json\/wp\/v2\/media?parent=10998"}],"curies":[{"name":"wp","href":"https:\/\/api.w.org\/{rel}","templated":true}]}}