{"id":11016,"date":"2021-10-26T19:51:17","date_gmt":"2021-10-26T17:51:17","guid":{"rendered":"https:\/\/www.yshiatsu.com\/?post_type=product&#038;p=11016"},"modified":"2021-10-26T19:51:17","modified_gmt":"2021-10-26T17:51:17","slug":"esmalte-azul-pastel-11ml-arual","status":"publish","type":"product","link":"https:\/\/www.yshiatsu.com\/es\/producte\/esmalte-azul-pastel-11ml-arual\/","title":{"rendered":"ESMALTE AZUL PASTEL.11ML. ARUAL"},"content":{"rendered":"<p>Esmalte de u\u00f1as, especialmente formulado para una excelente aplicaci\u00f3n y una buena estabilidad. Su contenido en resinas acr\u00edlicas le aporta dureza, brillo, elasticidad y duraci\u00f3n, adem\u00e1s de un r\u00e1pido secado.<\/p>\n","protected":false},"excerpt":{"rendered":"<p>Esmalte de u\u00f1as, especialmente formulado para una excelente aplicaci\u00f3n y una buena estabilidad. Su contenido en resinas acr\u00edlicas le aporta dureza, brillo, elasticidad y duraci\u00f3n, adem\u00e1s<span class=\"excerpt-hellip\"> [\u2026]<\/span><\/p>\n","protected":false},"featured_media":11010,"template":"","meta":[],"_links":{"self":[{"href":"https:\/\/www.yshiatsu.com\/es\/wp-json\/wp\/v2\/product\/11016"}],"collection":[{"href":"https:\/\/www.yshiatsu.com\/es\/wp-json\/wp\/v2\/product"}],"about":[{"href":"https:\/\/www.yshiatsu.com\/es\/wp-json\/wp\/v2\/types\/product"}],"wp:featuredmedia":[{"embeddable":true,"href":"https:\/\/www.yshiatsu.com\/es\/wp-json\/wp\/v2\/media\/11010"}],"wp:attachment":[{"href":"https:\/\/www.yshiatsu.com\/es\/wp-json\/wp\/v2\/media?parent=11016"}],"curies":[{"name":"wp","href":"https:\/\/api.w.org\/{rel}","templated":true}]}}