{"id":11024,"date":"2021-10-26T19:58:32","date_gmt":"2021-10-26T17:58:32","guid":{"rendered":"https:\/\/www.yshiatsu.com\/?post_type=product&#038;p=11024"},"modified":"2021-11-12T17:19:50","modified_gmt":"2021-11-12T16:19:50","slug":"esmalte-azul-turquesa-verde-11ml-arual","status":"publish","type":"product","link":"https:\/\/www.yshiatsu.com\/es\/producte\/esmalte-azul-turquesa-verde-11ml-arual\/","title":{"rendered":"ESMALTE AZUL TURQUESA VERDE.11ML.ARUAL"},"content":{"rendered":"<p>Esmalte de u\u00f1as, especialmente formulado para una excelente aplicaci\u00f3n y una buena estabilidad. Su contenido en resinas acr\u00edlicas le aporta dureza, brillo, elasticidad y duraci\u00f3n, adem\u00e1s de un r\u00e1pido secado.<\/p>\n","protected":false},"excerpt":{"rendered":"<p>Esmalte de u\u00f1as, especialmente formulado para una excelente aplicaci\u00f3n y una buena estabilidad. Su contenido en resinas acr\u00edlicas le aporta dureza, brillo, elasticidad y duraci\u00f3n, adem\u00e1s<span class=\"excerpt-hellip\"> [\u2026]<\/span><\/p>\n","protected":false},"featured_media":11008,"template":"","meta":[],"_links":{"self":[{"href":"https:\/\/www.yshiatsu.com\/es\/wp-json\/wp\/v2\/product\/11024"}],"collection":[{"href":"https:\/\/www.yshiatsu.com\/es\/wp-json\/wp\/v2\/product"}],"about":[{"href":"https:\/\/www.yshiatsu.com\/es\/wp-json\/wp\/v2\/types\/product"}],"wp:featuredmedia":[{"embeddable":true,"href":"https:\/\/www.yshiatsu.com\/es\/wp-json\/wp\/v2\/media\/11008"}],"wp:attachment":[{"href":"https:\/\/www.yshiatsu.com\/es\/wp-json\/wp\/v2\/media?parent=11024"}],"curies":[{"name":"wp","href":"https:\/\/api.w.org\/{rel}","templated":true}]}}