{"id":11065,"date":"2021-10-29T10:58:37","date_gmt":"2021-10-29T08:58:37","guid":{"rendered":"https:\/\/www.yshiatsu.com\/?post_type=product&#038;p=11065"},"modified":"2021-10-29T12:29:02","modified_gmt":"2021-10-29T10:29:02","slug":"de%c2%b7tox-pollution-serum-superfood-serum-regenerador-celular","status":"publish","type":"product","link":"https:\/\/www.yshiatsu.com\/es\/producte\/de%c2%b7tox-pollution-serum-superfood-serum-regenerador-celular\/","title":{"rendered":"DE\u00b7TOX POLLUTION SERUM \u2013 SUPERFOOD SERUM REGENERADOR CELULAR 30ML"},"content":{"rendered":"<p>ACCIONES<br \/>\n\u2022 Antioxidante.<br \/>\n\u2022 Antipoluci\u00f3n.<br \/>\n\u2022 Fotoprotector.<br \/>\n\u2022 Hidratante.<\/p>\n<p>PRINCIPIOS ACTIVOS<br \/>\nEXTRACTO DE CARDO MARIANO (Silybum Marianum Extract):<br \/>\nEXTRACTO DE ALGA CHLORELLA (Chlorella Vulgaris Extract):<br \/>\nEXTRACTO DE REGALIZ (Glycyrrhiza Glabra Root Extract)<br \/>\nJUGO DE ALOE VERA (Aloe Barbadensis Leaf Juice)<br \/>\nANTI-POLLUTION COMPLEX (Ferric Hexapeptide-35 y Tremella Fuciformis Extract<br \/>\nACETYL HEPTAPEPTIDE-4 (Acetyl Heptapeptide-4)<\/p>\n<p>COMPOSICI\u00d3N<br \/>\nAQUA, PROPYLENE GLYCOL, GLYCERIN, ALOE BARBADENSIS LEAF JUICE, GLYCYRRHIZA GLABRA ROOT EXTRACT, SILYBUM MARIANUM EXTRACT, PHENOXYETHANOL, PROPANEDIOL, CHLORELLA VULGARIS EXTRACT, LACTIC ACID, TREMELLA FUCIFORMIS EXTRACT, FERRIC HEXAPEPTIDE-35, ACETYL HEPTAPEPTIDE-4, SODIUM HYALURONATE, CAPRYLYL GLYCOL, PEG-40 HYDROGENATED CASTOR OIL, TRIETHANOLAMINE, CARBOMER, PARFUM, DISODIUM EDTA, POTASSIUM SORBATE, SODIUM BENZOATE, ETHYLHEXYLGLYCERIN.<\/p>\n<p>RESULTADO<br \/>\nReprograma las funciones celulares.<\/p>\n","protected":false},"excerpt":{"rendered":"<p>DE\u00b7POLLUTION<br \/>\nL\u00cdNEA DE DEFENSA Y REPARACI\u00d3N ANTE LA CONTAMINACI\u00d3N AMBIENTAL.<br \/>\nL\u00ednea de acci\u00f3n bilateral que, por un lado defiende a la piel de los ataques externos ambientales, tanto indoor como outdoor, preservando el equilibrio de la microbiota cut\u00e1nea en perfectas condiciones funcionales, y protege de la asfixia, la intoxicaci\u00f3n y el estr\u00e9s oxidativo que a diario ocasionan los agentes t\u00f3xicos invisibles; y, por otro lado, desecha los residuos t\u00f3xicos que se han acumulado en el interior d\u00e9rmico y aceleran el envejecimiento prematuro cut\u00e1neo, y compensa los niveles de hidrataci\u00f3n y nutrici\u00f3n celular perdidos para devolver a la piel fortaleza y resistencia y prolongar su salud y longevidad.<\/p>\n","protected":false},"featured_media":11063,"template":"","meta":[],"_links":{"self":[{"href":"https:\/\/www.yshiatsu.com\/es\/wp-json\/wp\/v2\/product\/11065"}],"collection":[{"href":"https:\/\/www.yshiatsu.com\/es\/wp-json\/wp\/v2\/product"}],"about":[{"href":"https:\/\/www.yshiatsu.com\/es\/wp-json\/wp\/v2\/types\/product"}],"wp:featuredmedia":[{"embeddable":true,"href":"https:\/\/www.yshiatsu.com\/es\/wp-json\/wp\/v2\/media\/11063"}],"wp:attachment":[{"href":"https:\/\/www.yshiatsu.com\/es\/wp-json\/wp\/v2\/media?parent=11065"}],"curies":[{"name":"wp","href":"https:\/\/api.w.org\/{rel}","templated":true}]}}