{"id":11076,"date":"2021-10-29T12:31:42","date_gmt":"2021-10-29T10:31:42","guid":{"rendered":"https:\/\/www.yshiatsu.com\/?post_type=product&#038;p=11076"},"modified":"2025-02-08T12:45:52","modified_gmt":"2025-02-08T11:45:52","slug":"de%c2%b7tox-pollution-cream-superfood-crema-oxigenante-celular-50ml-2","status":"publish","type":"product","link":"https:\/\/www.yshiatsu.com\/es\/producte\/de%c2%b7tox-pollution-cream-superfood-crema-oxigenante-celular-50ml-2\/","title":{"rendered":"DE\u00b7TOX POLLUTION CREAM \u2013 SUPERFOOD CREMA OXIGENANTE CELULAR 50ML"},"content":{"rendered":"<p>COMPOSICI\u00d3N<br \/>\nAQUA, DIMETHICONE, CAPRYLIC\/CAPRIC TRIGLYCERIDE, HYALURONIC ACID, POLYACRYLAMIDE, C13-14 ISOPARAFFIN, LAURETH-7, GLYCERIN, BETA-GLUCAN, PROPANEDIOL, CHLORELLA VULGARIS EXTRACT, LACTIC ACID, SILYBUM MARIANUM EXTRACT, CAMELLIA SINENSIS LEAF EXTRACT, POTASSIUM SORBATE, SODIUM BENZOATE, PHENOXYETHANOL, TREMELLA FUCIFORMIS EXTRACT, FERRIC HEXAPEPTIDE-35, TOCOPHERYL ACETATE, PROPYL GALLATE, CITRIC ACID, TOCOPHEROL, PARFUM, L-CARNOSINE, DISODIUM EDTA, ETHYLHEXYLGLYCERIN, LACTIC ACID.<\/p>\n<p>PRINCIPIOS ACTIVOS<br \/>\nEXTRACTO DE CARDO MARIANO (Silybum Marianum Extract):<br \/>\nEXTRACTO DE ALGA CHLORELLA (Chlorella Vulgaris Extract): SUPERFOOD.<br \/>\nANTI-POLLUTION COMPLEX (Ferric Hexapeptide-35 y Tremella Fuciformis Extract):<br \/>\nBETAGLUCANO (Beta-Glucan):<br \/>\n\u00c1CIDO HIALUR\u00d3NICO (Hyaluronic Acid):<br \/>\nL-CARNOSINA (L-Carnosine)<\/p>\n","protected":false},"excerpt":{"rendered":"<p>DESCRIPCI\u00d3N<br \/>\nCrema facial antipoluci\u00f3n de formulaci\u00f3n prebi\u00f3tica, que trabaja durante la noche reparando el desgaste oxidativo sufrido por las c\u00e9lulas d\u00e9rmicas durante el d\u00eda. Act\u00faa como un super alimento celular para la piel, mejorando su oxigenaci\u00f3n. Los biomarcadores celulares de juventud son recargados de energ\u00eda renovada para reactivar sus procesos tisulares, prolongar su longevidad, y transferir la correcta informaci\u00f3n funcional a las nuevas generaciones celulares.<\/p>\n<p>ACCIONES<br \/>\n\u2022 Reparadora.<br \/>\n\u2022 Ultrahidratante.<br \/>\n\u2022 Antioxidante.<br \/>\n\u2022 Prebiotica.<\/p>\n<p>RESULTADO<br \/>\nRecarga de energ\u00eda los biomarcadores celulares de juventud.<\/p>\n","protected":false},"featured_media":11072,"template":"","meta":[],"_links":{"self":[{"href":"https:\/\/www.yshiatsu.com\/es\/wp-json\/wp\/v2\/product\/11076"}],"collection":[{"href":"https:\/\/www.yshiatsu.com\/es\/wp-json\/wp\/v2\/product"}],"about":[{"href":"https:\/\/www.yshiatsu.com\/es\/wp-json\/wp\/v2\/types\/product"}],"wp:featuredmedia":[{"embeddable":true,"href":"https:\/\/www.yshiatsu.com\/es\/wp-json\/wp\/v2\/media\/11072"}],"wp:attachment":[{"href":"https:\/\/www.yshiatsu.com\/es\/wp-json\/wp\/v2\/media?parent=11076"}],"curies":[{"name":"wp","href":"https:\/\/api.w.org\/{rel}","templated":true}]}}