{"id":11279,"date":"2021-10-29T13:08:19","date_gmt":"2021-10-29T11:08:19","guid":{"rendered":"https:\/\/www.yshiatsu.com\/producte\/essential-care-discos-de-algodon-exfoliacion-facial-60-unidades\/"},"modified":"2021-11-19T11:52:31","modified_gmt":"2021-11-19T10:52:31","slug":"essential-care-discos-de-algodon-exfoliacion-facial-60-unidades","status":"publish","type":"product","link":"https:\/\/www.yshiatsu.com\/es\/producte\/essential-care-discos-de-algodon-exfoliacion-facial-60-unidades\/","title":{"rendered":"ESSENTIAL CARE.DISCOS DE ALGOD\u00d3N EXFOLIACI\u00d3N FACIAL. 60 UNIDADES."},"content":{"rendered":"<p>PRINCIPIOS ACTIVOS<\/p>\n<p>GLUCOLACTONA (Glucolactone): Es un polihidroxi\u00e1cido (PHA) de \u00faltima generaci\u00f3n derivado del \u00e1cido glic\u00f3lico. De efecto exfoliante suave, su tama\u00f1o molecular en comparaci\u00f3n con otros AHA&#8217;s la hacen perfecta para su aplicaci\u00f3n incluso en las pieles m\u00e1s sensibles. Gracias a su funci\u00f3n de hidrataci\u00f3n, es capaz de atraer agua y crear puentes de ox\u00edgeno, evitando la p\u00e9rdida de elasticidad.<\/p>\n<p>\u00c1CIDO L\u00c1CTICO (Lactic Acid): Su mayor mol\u00e9cula, evita que genere irritaci\u00f3n en la piel. Preserva los factores naturales de hidrataci\u00f3n, favorece un tono uniforme y es ideal para reducir las hiperpigmentaciones, respetando el manto hidrolip\u00eddico.<\/p>\n<p>\u00c1CIDO C\u00cdTRICO (Citric Acid): Mejora el tama\u00f1o de los poros, eliminando las c\u00e9lulas muertas acumuladas y que dan este efecto de dilataci\u00f3n. Tambi\u00e9n preserva el equilibrio entre los estratos m\u00e1s superficiales de la piel. Ilumina y unifica el tono de la piel.<\/p>\n<p>RESVERATROL (Resveratrol): Destaca por su acci\u00f3n antioxidante espec\u00edficamente dirigida a preservar la longevidad celular.<\/p>\n<p>EXTRACTO DE PAPAYA (Carica Papaya Fruit Extract): Exfoliante enzim\u00e1tico, tiene la capacidad de dividir las prote\u00ednas desestructuradas, rompe la uni\u00f3n entre las c\u00e9lulas muertas.<\/p>\n<p>EXTRACTO DE REGALIZ (Glycyrrhiza Glabra Root Extract): Debido a su acci\u00f3n antioxidante interviene en el proceso de pigmentaci\u00f3n, fomentando el tono homog\u00e9neo de la piel y preservando su protecci\u00f3n natural.<br \/>\nCOMPOSICI\u00d3N<br \/>\nAQUA, ALCOHOL DENAT, PROPYLENE GLYCOL, GLUCONOLACTONE, LACTIC ACID, POLYSORBATE 20, AMMONIUM HYDROXIDE, GLYCYRRHIZA GLABRA ROOT EXTRACTO, CARICA PAPAIA FRUTO EXTRACTO, CITRICO ACID, ACETONE.<\/p>\n<p>RESULTADO<br \/>\nLa piel se renueva y se vuelve a oxigenar.<\/p>\n","protected":false},"excerpt":{"rendered":"<p>DESCRIPCI\u00d3N<br \/>\nDiscos faciales de algod\u00f3n impregnados en una mezcla de \u00e1cidos exfoliantes suaves. Su aplicaci\u00f3n continuada provoca una delicada microabrasi\u00f3n d\u00e9rmica gradual y tolerable, respetando el manto hidrolip\u00eddico de la piel. Desprenden las c\u00e9lulas muertas de superficie, mejorando la textura, alisando el relieve, aumentando la permeabilidad y estimulando la oxigenaci\u00f3n y regeneraci\u00f3n celular. La piel se renueva y se descubre fina, suave, uniforme y radiante, la base perfecta para una pauta diaria de cuidado.<\/p>\n<p>ACCIONES<br \/>\n\u2022 Exfoliante.<br \/>\n\u2022 Desincrustante.<br \/>\n\u2022 Antiqueratol\u00edtica.<\/p>\n","protected":false},"featured_media":11094,"template":"","meta":[],"_links":{"self":[{"href":"https:\/\/www.yshiatsu.com\/es\/wp-json\/wp\/v2\/product\/11279"}],"collection":[{"href":"https:\/\/www.yshiatsu.com\/es\/wp-json\/wp\/v2\/product"}],"about":[{"href":"https:\/\/www.yshiatsu.com\/es\/wp-json\/wp\/v2\/types\/product"}],"wp:featuredmedia":[{"embeddable":true,"href":"https:\/\/www.yshiatsu.com\/es\/wp-json\/wp\/v2\/media\/11094"}],"wp:attachment":[{"href":"https:\/\/www.yshiatsu.com\/es\/wp-json\/wp\/v2\/media?parent=11279"}],"curies":[{"name":"wp","href":"https:\/\/api.w.org\/{rel}","templated":true}]}}