{"id":11280,"date":"2021-10-29T13:02:18","date_gmt":"2021-10-29T11:02:18","guid":{"rendered":"https:\/\/www.yshiatsu.com\/producte\/essential-care-locion-tonificante-facial-prebiotica-con-agua-de-rosas-200ml\/"},"modified":"2021-10-29T13:02:18","modified_gmt":"2021-10-29T11:02:18","slug":"essential-care-locion-tonificante-facial-prebiotica-con-agua-de-rosas-200ml","status":"publish","type":"product","link":"https:\/\/www.yshiatsu.com\/es\/producte\/essential-care-locion-tonificante-facial-prebiotica-con-agua-de-rosas-200ml\/","title":{"rendered":"ESSENTIAL CARE.LOCI\u00d3N TONIFICANTE FACIAL PREBI\u00d3TICA CON AGUA DE ROSAS 200ML"},"content":{"rendered":"<p>PRINCIPIOS ACTIVOS<br \/>\nAGUA DE ROSA (Rosa Canina Extract): Rica en Vitamina B y E, promueve la capacidad de uni\u00f3n entre los l\u00edpidos de la piel, formando una pel\u00edcula hidratante en la superficie cut\u00e1nea. Antioxidante gracias a su alto contenido de \u00c1cido F\u00e9nico.<\/p>\n<p>\u00c1CIDO HIALUR\u00d3NICO (Hyaluronic Acid): Glucosaminoglicano obtenido a trav\u00e9s de la fermentaci\u00f3n de sustratos vegetales. Es un estructurante natural de la piel, que preserva la elasticidad y firmeza. Su capacidad humectante y de retenci\u00f3n de agua proporciona densidad, relleno e hidrataci\u00f3n profunda, adem\u00e1s de prevenir la deshidrataci\u00f3n en la epidermis.<\/p>\n<p>BETAGLUC\u00c1 (Beta-Glucan): Prebi\u00f3tico que estimula la proliferaci\u00f3n de la flora protectora de la piel, reforzando la barrera natural que protege la piel del estr\u00e9s ambiental y aumentando la inmunidad cut\u00e1nea.<\/p>\n<p>LISADO DE FERMENTO B\u00cdFIDO (Bifida Ferment Lysate): Prebi\u00f3tico que estimula y fortalece la microflora natural de la piel, mejora la barrera de defensa natural cut\u00e1nea, complementa los mecanismos de protecci\u00f3n end\u00f3genos de la piel, aumenta los procesos anti inmunosupresores a nivel celular , absorbe de forma eficaz de las radiaciones UV y ayuda a restablecer el pH.<\/p>\n<p>ZUMO DE ALOE VERA (Aloe Barbadensis Leaf Juice): Elimina la suciedad y la grasa acumulada en los poros. A\u00f1ade un gran poder regenerador, hidratante y antioxidante.<\/p>\n<p>EXTRACTO DE CIVENA (Avena Sativa Extract): Inhibe la liberaci\u00f3n de citocinas e histamina, participa en la s\u00edntesis de queratinocitos y por su gran aporte de l\u00edpidos esenciales refuerza la funci\u00f3n barrera.<\/p>\n<p>COMPOSICI\u00d3N<br \/>\nAQUA, ROSA CANINA EXTRACTO, GLYCERIN, ALOE BARBADENSIS LEAF JUICE, CIVELA SATIVA EXTRACTO, HYALURONIC ACID, STYRENE\/ACRYLATES COPOLYMER, PEG-40 HYDROGENATED CASTOR OIL, BETA-GLUCAN, SODIUM, SODIUM, SODIUM MAT.<\/p>\n<p>RESULTADO<br \/>\nUna piel que recupera el equilibrio de su pH natural.<\/p>\n","protected":false},"excerpt":{"rendered":"<p>DESCRIPCI\u00d3N<br \/>\nLoci\u00f3n tonificante facial prebi\u00f3tica con gran poder reequilibrante. Tras el proceso de desmaquillaje y limpieza, restablece el pH neutro de la piel y repone las condiciones \u00f3ptimas del manto hidrolip\u00eddico. Restaura el equilibrio en el ecosistema microbiano cut\u00e1neo, favoreciendo la proliferaci\u00f3n y el buen funcionamiento de la microflora protectora de la piel. El Agua de Roses Silvestres act\u00faa como loci\u00f3n de belleza, vigorizando la piel cansada, impregn\u00e1ndola como rocio de hidrataci\u00f3n instant\u00e1nea, y estimulando los sentidos a disfrutar de un momento delicioso.<\/p>\n<p>ACCIONES<br \/>\n\u2022 Equilibrante del pH.<br \/>\n\u2022 Calmante.<br \/>\n\u2022 Protectora.<\/p>\n","protected":false},"featured_media":11091,"template":"","meta":[],"_links":{"self":[{"href":"https:\/\/www.yshiatsu.com\/es\/wp-json\/wp\/v2\/product\/11280"}],"collection":[{"href":"https:\/\/www.yshiatsu.com\/es\/wp-json\/wp\/v2\/product"}],"about":[{"href":"https:\/\/www.yshiatsu.com\/es\/wp-json\/wp\/v2\/types\/product"}],"wp:featuredmedia":[{"embeddable":true,"href":"https:\/\/www.yshiatsu.com\/es\/wp-json\/wp\/v2\/media\/11091"}],"wp:attachment":[{"href":"https:\/\/www.yshiatsu.com\/es\/wp-json\/wp\/v2\/media?parent=11280"}],"curies":[{"name":"wp","href":"https:\/\/api.w.org\/{rel}","templated":true}]}}