{"id":11281,"date":"2021-10-29T12:57:13","date_gmt":"2021-10-29T10:57:13","guid":{"rendered":"https:\/\/www.yshiatsu.com\/producte\/esential-care-gel-limpiador-facial-prebiotico-200ml\/"},"modified":"2021-10-29T12:57:13","modified_gmt":"2021-10-29T10:57:13","slug":"esential-care-gel-limpiador-facial-prebiotico-200ml","status":"publish","type":"product","link":"https:\/\/www.yshiatsu.com\/es\/producte\/esential-care-gel-limpiador-facial-prebiotico-200ml\/","title":{"rendered":"ESENTIAL CARE. GEL LIMPIADOR FACIAL PREBI\u00d3TICO 200ML"},"content":{"rendered":"<p>PRINCIPIOS ACTIVOS<br \/>\nBETAGLUC\u00c1 (Beta-Glucan): Prebi\u00f3tico que estimula la proliferaci\u00f3n de la flora protectora de la piel, reforzando la barrera natural que protege la piel del estr\u00e9s ambiental y aumentando la inmunidad cut\u00e1nea.<\/p>\n<p>ZUMO DE ALOE VERA (Aloe Barbadensis Leaf Juice): Elimina la suciedad y la grasa acumulada en los poros. A\u00f1ade un gran poder regenerador, hidratante y antioxidante.<\/p>\n<p>BETAINA (Betaine): Una sola mol\u00e9cula de Betaina es capaz de retener en el estrato c\u00f3rneo hasta 10 mol\u00e9culas de agua, por lo que mantiene el equilibrio de hidrataci\u00f3n d\u00e9rmica en altos niveles, reduciendo la sensaci\u00f3n de sequedad y d irritaci\u00f3n en la piel.<\/p>\n<p>GLICERINA (Glycerin): De origen vegetal, penetra en el estrato c\u00f3rneo incrementando la captaci\u00f3n de mol\u00e9culas de agua, preservando los recursos naturales de hidrataci\u00f3n de la piel. Es una sustancia &#8220;higrosc\u00f3pica&#8221;.<\/p>\n<p>COMPOSICI\u00d3N<br \/>\nAQUA, sodio lauryl ETHER sulfate, COCAMIDOPROPYL beta\u00edna, COCAMIDE DEA, PHENOXYETHANOL, PEG-7 GLYCERYL COCOATE, sodio CHLORIDE, Sodium laureth sulfate, glycol DISTEARAT, COCAMIDE MEA, COCAMIDE MEA, ALOE Barbadensis LEAF JUICE, Potassium SORBATE, Sodium benzoate, ETHYLHEXYLGLYCERIN, LACTIC ACID.<\/p>\n","protected":false},"excerpt":{"rendered":"<p>DESCRIPCI\u00d3N<br \/>\nGel limpiador facial prebi\u00f3tico con gran poder detoxificante. Elimina en profundidad las impurezas y part\u00edculas contaminantes que se adhieren a diario a la piel, obstruyendo sus poros y produci\u00e9ndole asfixia. De pH neutro, preserva intacta la microbiota cut\u00e1nea, fortaleciendo la barrera inmune frente a los agentes t\u00f3xicos medioambientales. Deja una reconfortante sensaci\u00f3n de frescura. Hielo que en contacto con el agua se transforma en una espuma agradable.<\/p>\n<p>ACCIONES<br \/>\n\u2022 Limpiadora.<br \/>\n\u2022 Detoxificante.<br \/>\n\u2022 Reguladora Seb\u00e1cea.<\/p>\n","protected":false},"featured_media":11088,"template":"","meta":[],"_links":{"self":[{"href":"https:\/\/www.yshiatsu.com\/es\/wp-json\/wp\/v2\/product\/11281"}],"collection":[{"href":"https:\/\/www.yshiatsu.com\/es\/wp-json\/wp\/v2\/product"}],"about":[{"href":"https:\/\/www.yshiatsu.com\/es\/wp-json\/wp\/v2\/types\/product"}],"wp:featuredmedia":[{"embeddable":true,"href":"https:\/\/www.yshiatsu.com\/es\/wp-json\/wp\/v2\/media\/11088"}],"wp:attachment":[{"href":"https:\/\/www.yshiatsu.com\/es\/wp-json\/wp\/v2\/media?parent=11281"}],"curies":[{"name":"wp","href":"https:\/\/api.w.org\/{rel}","templated":true}]}}