{"id":11282,"date":"2021-10-29T12:51:40","date_gmt":"2021-10-29T10:51:40","guid":{"rendered":"https:\/\/www.yshiatsu.com\/producte\/essential-care-leche-limpiadora-facial-prebiotica-200ml\/"},"modified":"2021-10-29T12:51:40","modified_gmt":"2021-10-29T10:51:40","slug":"essential-care-leche-limpiadora-facial-prebiotica-200ml","status":"publish","type":"product","link":"https:\/\/www.yshiatsu.com\/es\/producte\/essential-care-leche-limpiadora-facial-prebiotica-200ml\/","title":{"rendered":"ESSENTIAL CARE.LECHE LIMPIADORA FACIAL PREBI\u00d3TICA 200ML"},"content":{"rendered":"<p>PRINCIPIOS ACTIVOS<br \/>\nBETAGLUC\u00c1 (Beta-Glucan): Prebi\u00f3tico que estimula la proliferaci\u00f3n de la flora protectora de la piel, reforzando la barrera natural que protege la piel del estr\u00e9s ambiental y aumentando la inmunidad cut\u00e1nea.<\/p>\n<p>BETAINA (Betaine): Una sola mol\u00e9cula de Betaina es capaz de retener en el estrato c\u00f3rneo hasta 10 mol\u00e9culas de agua, por lo que mantiene el equilibrio de hidrataci\u00f3n d\u00e9rmica en altos niveles, reduciendo la sensaci\u00f3n de sequedad y d irritaci\u00f3n en la piel.<\/p>\n<p>ZUMO DE ALOE VERA (Aloe Barbadensis Leaf Juice): Elimina la suciedad y la grasa acumulada en los poros. A\u00f1ade un gran poder regenerador, hidratante y antioxidante.<\/p>\n<p>GLICERINA (Glycerin): De origen vegetal. Penetra en el estrato c\u00f3rneo, donde capta y retiene las mol\u00e9culas de agua y preserva los recursos naturales de hidrataci\u00f3n de la piel. Es una sustancia &#8220;higrosc\u00f3pica&#8221;.<\/p>\n<p>VITAMINAS A, B y E (Beta-Glucan, Betaine y Aloe Barbadensis Leaf Juice): Acci\u00f3n antioxidante, renovadora y protectora.<\/p>\n<p>COMPOSICI\u00d3N<br \/>\nAQUA, ISOPROPYL MYRISTATE, GLYCERIN, CETYL STEARYL ALCOHOL, BETAINE, PHENOXYETHANOL, XANTHAN GUM, SODIUM LAURYL SULFATE, ALOE BARBADENSIS LEAF JUICE, POTASIUM SORBATE, SODIUM SORBATE, SODIUM SORBET.<\/p>\n<p>RESULTADO<br \/>\nUna piel totalmente libre de maquillaje y grasa facial.<\/p>\n","protected":false},"excerpt":{"rendered":"<p>DESCRIPCI\u00d3N<br \/>\nLeche limpiadora facial prebi\u00f3tica con gran poder humectante. Disuelve totalmente las impurezas liposolubles, como el maquillaje y la grasa facial, sin da\u00f1ar el pH natural de la piel ni la microbiota que act\u00faa de barrera protectora frente a los factores ambientales oxidantes diarios. Enriquecida con activos higroc\u00f3picos de hidrataci\u00f3n activa que retienen las mol\u00e9culas de agua en el interior del estrato c\u00f3rneo, para impedir su p\u00e9rdida y mantener el nivel \u00f3ptimo de humedad natural cut\u00e1nea. Deja una relajante sensaci\u00f3n de suavidad.<\/p>\n<p>ACCIONES<br \/>\n\u2022 Limpiadora.<br \/>\n\u2022 Detoxificante.<br \/>\n\u2022 Protectora.<\/p>\n","protected":false},"featured_media":11085,"template":"","meta":[],"_links":{"self":[{"href":"https:\/\/www.yshiatsu.com\/es\/wp-json\/wp\/v2\/product\/11282"}],"collection":[{"href":"https:\/\/www.yshiatsu.com\/es\/wp-json\/wp\/v2\/product"}],"about":[{"href":"https:\/\/www.yshiatsu.com\/es\/wp-json\/wp\/v2\/types\/product"}],"wp:featuredmedia":[{"embeddable":true,"href":"https:\/\/www.yshiatsu.com\/es\/wp-json\/wp\/v2\/media\/11085"}],"wp:attachment":[{"href":"https:\/\/www.yshiatsu.com\/es\/wp-json\/wp\/v2\/media?parent=11282"}],"curies":[{"name":"wp","href":"https:\/\/api.w.org\/{rel}","templated":true}]}}