{"id":11287,"date":"2021-10-29T12:21:20","date_gmt":"2021-10-29T10:21:20","guid":{"rendered":"https:\/\/www.yshiatsu.com\/producte\/crema-de-contaminacion-crema-celula-oxigenante-superalimentaria-50ml\/"},"modified":"2021-10-29T12:21:20","modified_gmt":"2021-10-29T10:21:20","slug":"crema-de-contaminacion-crema-celula-oxigenante-superalimentaria-50ml","status":"publish","type":"product","link":"https:\/\/www.yshiatsu.com\/es\/producte\/crema-de-contaminacion-crema-celula-oxigenante-superalimentaria-50ml\/","title":{"rendered":"CREMA DE CONTAMINACI\u00d3N &#8211; CREMA C\u00c9LULA OXIGENANTE SUPERALIMENTARIA 50ML"},"content":{"rendered":"<p>ACCIONES<br \/>\n\u2022 Reparadora.<br \/>\n\u2022 Ultrahidratante.<br \/>\n\u2022 Antioxidante.<br \/>\n\u2022 Prebi\u00f3tica.<\/p>\n<p>COMPOSICI\u00d3N<br \/>\nAQUA, DIMETHICONE, CAPRYLIC\/CAPRIC TRIGLYCERIDE, HYALURONIC ACEID, POLYACRYLAMIDE, C13-14 ISOPARAFFIN, LAURETH-7, GLYCERIN, BETA-GLUCAN, PROPANEDIOL, CHLORELLA VULGARIOS EXTRACTO,ACT TOCOPHERYL ACETATE, PROPYL GALLADO, CITRICO ACID, TOCOPHEROL, PARFUMO, L-CARNOSINE, DISODIUMIDEDED.<\/p>\n<p>RESULTADO<br \/>\nRecarga de energ\u00eda los biomarcadores celulares de juventud.<\/p>\n<p>PRINCIPIOS ACTIVOS<br \/>\nEXTRACTO DE CARDO MARINO (Silybum Marianum Extract):<br \/>\nEXTRACTO DE ALGA CHLORELLA (Chlorella Vulgaris Extract): SUPERFOOD.<br \/>\nANTI-POLLUTION COMPLEJO (Ferric Hexapeptide-35 y Tremella Fuciformis Extract):<br \/>\nBETAGLUC\u00c1 (Beta-Glucan):<br \/>\n\u00c1CIDO HIALUR\u00d3NICO (Hyaluronic Acid):<br \/>\nL-CARNOSINA (L-Carnosine):<\/p>\n","protected":false},"excerpt":{"rendered":"<p>DE\u00b7TOX POLLUTION CREAM \u2013 SUPERFOOD<br \/>\nCREMA OXIGENANTE CELULAR 50ML<\/p>\n<p>DESCRIPCI\u00d3N<br \/>\nCrema facial antipoluci\u00f3n de formulaci\u00f3n prebi\u00f3tica, que trabaja durante la noche reparando el desgaste oxidativo sufrido por las c\u00e9lulas d\u00e9rmicas durante el d\u00eda. Act\u00faa como un super alimento celular para la piel, mejorando su oxigenaci\u00f3n. Los biomarcadores celulares de juventud son recargados de energ\u00eda renovada para reactivar sus procesos tisulares, prolongar su longevidad y transferir la correcta informaci\u00f3n funcional a las nuevas generaciones celulares.<\/p>\n","protected":false},"featured_media":11067,"template":"","meta":[],"_links":{"self":[{"href":"https:\/\/www.yshiatsu.com\/es\/wp-json\/wp\/v2\/product\/11287"}],"collection":[{"href":"https:\/\/www.yshiatsu.com\/es\/wp-json\/wp\/v2\/product"}],"about":[{"href":"https:\/\/www.yshiatsu.com\/es\/wp-json\/wp\/v2\/types\/product"}],"wp:featuredmedia":[{"embeddable":true,"href":"https:\/\/www.yshiatsu.com\/es\/wp-json\/wp\/v2\/media\/11067"}],"wp:attachment":[{"href":"https:\/\/www.yshiatsu.com\/es\/wp-json\/wp\/v2\/media?parent=11287"}],"curies":[{"name":"wp","href":"https:\/\/api.w.org\/{rel}","templated":true}]}}