{"id":11288,"date":"2021-10-29T12:13:14","date_gmt":"2021-10-29T10:13:14","guid":{"rendered":"https:\/\/www.yshiatsu.com\/producte\/de-pollution-cream-spf20-crema-de-proteccion-prebiotica-50ml\/"},"modified":"2021-10-29T12:13:14","modified_gmt":"2021-10-29T10:13:14","slug":"de-pollution-cream-spf20-crema-de-proteccion-prebiotica-50ml","status":"publish","type":"product","link":"https:\/\/www.yshiatsu.com\/es\/producte\/de-pollution-cream-spf20-crema-de-proteccion-prebiotica-50ml\/","title":{"rendered":"DE- POLLUTION CREAM \u2013 SPF20 CREMA DE PROTECCI\u00d3N PREBI\u00d3TICA 50ML"},"content":{"rendered":"<p>PRINCIPIS ACTIUS<br \/>\nEXTRACTE D&#8217;ALGA ESPIRULINA (Extracto de Spirulina Maxima): SUPERALIMENTO<br \/>\nBETAGLUC\u00c0 (Beta-Glucano):<br \/>\nGLIC\u00d3GENO (gluc\u00f3geno)<br \/>\n\u00c0CID HIALUR\u00d2NIC (\u00c1cido Hialur\u00f3nico):<br \/>\nFOSFOL\u00cdPIDOS (Fosfol\u00edpidos):<br \/>\nL-CARNOSINA (L-Carnosina):<\/p>\n<p>ACCIONES<br \/>\n\u2022 Antipol\u00b7luci\u00f3.<br \/>\n\u2022 Fotoprotectora.<br \/>\n\u2022 Hidratante.<\/p>\n<p>COMPOSICI\u00d3<br \/>\nAQUA, dimeticona, propanodiol, adipato de diisopropilo, lecitina, \u00e1cido acr\u00edlico \/ acrilamidometil propano \u00e1cido sulf\u00f3nico Copol\u00edmero, DIMETHYLMETHOXY cromanol, caprilato, goma xantana, metoxicinamato de etilhexilo, OCTOCRYLENE, metoxidibenzoilmetano de butilo, fosfol\u00edpidos, butilenglicol, fenoxietanol, \u00e1cido hialur\u00f3nico, poliacrilamida, C13 -14 ISOPARAFINA, LAURETH-7, GLICERINA, EXTRACTO DE ESPIRULINA M\u00c1XIMA, GLUC\u00d3GENO, ACETIL TETRAP\u00c9PTIDO-22, PROPILENGLICOL, BETA-GLUCANO, FENOXIEHANOL, CALENDULA OFFICINALIS ACEITE DE FLORES DE FLORES, ALCOHOL DE LACTALCIDA, LACTALCERTIDA, LACTALCERTIDA, LACTRAP\u00c9PTIDO-22<\/p>\n","protected":false},"excerpt":{"rendered":"<p>RESULTADO<br \/>\nFortalece el sistema inmunol\u00f3gico natural de la microbiota.<\/p>\n<p>DE\u00b7FENCE POLLUTION CREAM \u2013 SPF20<br \/>\nCREMA DE PROTECCI\u00d3N PREBI\u00d3TICA 50ML<\/p>\n<p>DESCRIPCI\u00d3N<br \/>\nCrema facial antipoluci\u00f3n de formulaci\u00f3n prebi\u00f3tica, que act\u00faa durante el d\u00eda como escudo de protecci\u00f3n al bloquear la adherencia y el paso de micropart\u00edculas contaminantes en el interior celular de la piel, impidiendo que estropeen su barrera natural, aceleren su envejecimiento y provoquen su mayor reactividad.<\/p>\n","protected":false},"featured_media":11072,"template":"","meta":[],"_links":{"self":[{"href":"https:\/\/www.yshiatsu.com\/es\/wp-json\/wp\/v2\/product\/11288"}],"collection":[{"href":"https:\/\/www.yshiatsu.com\/es\/wp-json\/wp\/v2\/product"}],"about":[{"href":"https:\/\/www.yshiatsu.com\/es\/wp-json\/wp\/v2\/types\/product"}],"wp:featuredmedia":[{"embeddable":true,"href":"https:\/\/www.yshiatsu.com\/es\/wp-json\/wp\/v2\/media\/11072"}],"wp:attachment":[{"href":"https:\/\/www.yshiatsu.com\/es\/wp-json\/wp\/v2\/media?parent=11288"}],"curies":[{"name":"wp","href":"https:\/\/api.w.org\/{rel}","templated":true}]}}