{"id":11295,"date":"2021-10-26T16:13:03","date_gmt":"2021-10-26T14:13:03","guid":{"rendered":"https:\/\/www.yshiatsu.com\/producte\/top-coat-secante-rhose-2\/"},"modified":"2021-10-26T16:13:03","modified_gmt":"2021-10-26T14:13:03","slug":"top-coat-secante-rhose-2","status":"publish","type":"product","link":"https:\/\/www.yshiatsu.com\/es\/producte\/top-coat-secante-rhose-2\/","title":{"rendered":"Top Coat Secante: RHOSE"},"content":{"rendered":"<p>Se aplica sobre la \u00faltima capa de esmalte, para protegerlo, darle m\u00e1s brillo y proporcionar un secado ultrarr\u00e1pido.<br \/>\nEl esmalte contiene s\u00f3lo pigmentos de la m\u00e1xima calidad. No se utilizan pigmentos de tipo ferroso consiguiendo as\u00ed matices de gran viveza, dando un acabado espectacular. Esta diferencia se observa en los tonos: beige, ocre, marr\u00f3n. Evidentemente existe una ampl\u00edsima gama de colores de moda, desde los tonos m\u00e1s cl\u00e1sicos hasta los m\u00e1s atrevidos.<\/p>\n","protected":false},"excerpt":{"rendered":"<p>Se aplica sobre la \u00faltima capa de esmalte, para protegerlo, darle m\u00e1s brillo y proporcionar un secado ultrarr\u00e1pido. El esmalte contiene s\u00f3lo pigmentos de la m\u00e1xima<span class=\"excerpt-hellip\"> [\u2026]<\/span><\/p>\n","protected":false},"featured_media":11002,"template":"","meta":[],"_links":{"self":[{"href":"https:\/\/www.yshiatsu.com\/es\/wp-json\/wp\/v2\/product\/11295"}],"collection":[{"href":"https:\/\/www.yshiatsu.com\/es\/wp-json\/wp\/v2\/product"}],"about":[{"href":"https:\/\/www.yshiatsu.com\/es\/wp-json\/wp\/v2\/types\/product"}],"wp:featuredmedia":[{"embeddable":true,"href":"https:\/\/www.yshiatsu.com\/es\/wp-json\/wp\/v2\/media\/11002"}],"wp:attachment":[{"href":"https:\/\/www.yshiatsu.com\/es\/wp-json\/wp\/v2\/media?parent=11295"}],"curies":[{"name":"wp","href":"https:\/\/api.w.org\/{rel}","templated":true}]}}