{"id":11298,"date":"2021-10-26T11:17:49","date_gmt":"2021-10-26T09:17:49","guid":{"rendered":"https:\/\/www.yshiatsu.com\/producte\/gel-exfoliante-limpiador-resurfacing-piel-cleansing-gel-200ml-skeyndor\/"},"modified":"2021-10-26T11:17:49","modified_gmt":"2021-10-26T09:17:49","slug":"gel-exfoliante-limpiador-resurfacing-piel-cleansing-gel-200ml-skeyndor","status":"publish","type":"product","link":"https:\/\/www.yshiatsu.com\/es\/producte\/gel-exfoliante-limpiador-resurfacing-piel-cleansing-gel-200ml-skeyndor\/","title":{"rendered":"Gel exfoliante limpiador &#8211; Resurfacing piel cleansing gel.200ML.SKEYNDOR."},"content":{"rendered":"<p>PRINCIPIOS ACTIVOS<br \/>\n5% [Glicolico\/L\u00e1ctico] pH 4,2. Proteasa.<\/p>\n<p>CONSEJOS DE APLICACI\u00d3N<br \/>\nSobre una piel perfectamente limpia despu\u00e9s de la limpieza habitual, extender el preparado en su cara y trabajar hasta un completo depurado. Usar 1 o 2 veces por semana.<\/p>\n","protected":false},"excerpt":{"rendered":"<p>DESCRIPCI\u00d3N<br \/>\nGel exfoliante limpiador con \u03b1-hidroxi\u00e1cidos y enzimas. Su f\u00f3rmula limpia en profundidad y favorece la renovaci\u00f3n de la capa externa de la piel. Perfecto para combatir manchas y arrugas.<\/p>\n<p>TIPO DE PIEL<br \/>\nApto para todo tipo de pieles.<br \/>\nNo recomendado para pieles sensibles.<\/p>\n","protected":false},"featured_media":10985,"template":"","meta":[],"_links":{"self":[{"href":"https:\/\/www.yshiatsu.com\/es\/wp-json\/wp\/v2\/product\/11298"}],"collection":[{"href":"https:\/\/www.yshiatsu.com\/es\/wp-json\/wp\/v2\/product"}],"about":[{"href":"https:\/\/www.yshiatsu.com\/es\/wp-json\/wp\/v2\/types\/product"}],"wp:featuredmedia":[{"embeddable":true,"href":"https:\/\/www.yshiatsu.com\/es\/wp-json\/wp\/v2\/media\/10985"}],"wp:attachment":[{"href":"https:\/\/www.yshiatsu.com\/es\/wp-json\/wp\/v2\/media?parent=11298"}],"curies":[{"name":"wp","href":"https:\/\/api.w.org\/{rel}","templated":true}]}}