{"id":11299,"date":"2021-10-26T11:07:37","date_gmt":"2021-10-26T09:07:37","guid":{"rendered":"https:\/\/www.yshiatsu.com\/producte\/concentrado-exfoliante-intensivo-resurfacing-peel-concentrate-15-30ml-skeyndor-2\/"},"modified":"2021-10-26T11:07:37","modified_gmt":"2021-10-26T09:07:37","slug":"concentrado-exfoliante-intensivo-resurfacing-peel-concentrate-15-30ml-skeyndor-2","status":"publish","type":"product","link":"https:\/\/www.yshiatsu.com\/es\/producte\/concentrado-exfoliante-intensivo-resurfacing-peel-concentrate-15-30ml-skeyndor-2\/","title":{"rendered":"Concentrado exfoliante intensivo &#8211; Resurfacing Peel Concentrate 15%. 30ML. SKEYNDOR."},"content":{"rendered":"<p>PRINCIPIOS ACTIVOS<br \/>\n15% \u00e1cidos pH 3,8<br \/>\nGluconolactona \/ L\u00e1ctico \/ Mand\u00e9lico \/ F\u00edtico.<br \/>\nP\u00e9ptidos biomim\u00e9ticos DSG y TGF-\u00df vehiculizados en liposomas.<\/p>\n<p>CONSEJOS DE APLICACI\u00d3N<br \/>\nTras su limpieza habitual, extender por la cara una peque\u00f1a cantidad de producto mediante suaves movimientos circulares. No aplicar en los ojos ni mucosas. Detener su uso en caso de irritaci\u00f3n. No exp\u00f3ngase al sol sin la protecci\u00f3n solar adecuada.<br \/>\nNo se recomienda utilizar m\u00e1s de una vez al d\u00eda ni pieles sensibles.<\/p>\n","protected":false},"excerpt":{"rendered":"<p>DESCRIPCI\u00d3N<br \/>\nConcentrado exfoliante intensivo con \u00e1cidos y p\u00e9ptidos biol\u00f3gicos. Estimula la generaci\u00f3n de una piel nueva -epidermis- m\u00e1s lisa y luminosa. Con una nueva textura fresca tipo hielo y acabado suave.<\/p>\n<p>TIPO DE PIEL<br \/>\nNo recomendado para pieles sensibles.<\/p>\n","protected":false},"featured_media":10980,"template":"","meta":[],"_links":{"self":[{"href":"https:\/\/www.yshiatsu.com\/es\/wp-json\/wp\/v2\/product\/11299"}],"collection":[{"href":"https:\/\/www.yshiatsu.com\/es\/wp-json\/wp\/v2\/product"}],"about":[{"href":"https:\/\/www.yshiatsu.com\/es\/wp-json\/wp\/v2\/types\/product"}],"wp:featuredmedia":[{"embeddable":true,"href":"https:\/\/www.yshiatsu.com\/es\/wp-json\/wp\/v2\/media\/10980"}],"wp:attachment":[{"href":"https:\/\/www.yshiatsu.com\/es\/wp-json\/wp\/v2\/media?parent=11299"}],"curies":[{"name":"wp","href":"https:\/\/api.w.org\/{rel}","templated":true}]}}