{"id":11307,"date":"2021-10-26T10:12:43","date_gmt":"2021-10-26T08:12:43","guid":{"rendered":"https:\/\/www.yshiatsu.com\/producte\/paleta-dreampaleta-de-sombras-n1-jorge-de-la-garza-2\/"},"modified":"2021-10-26T10:12:43","modified_gmt":"2021-10-26T08:12:43","slug":"paleta-dreampaleta-de-sombras-n1-jorge-de-la-garza-2","status":"publish","type":"product","link":"https:\/\/www.yshiatsu.com\/es\/producte\/paleta-dreampaleta-de-sombras-n1-jorge-de-la-garza-2\/","title":{"rendered":"Paleta DreamPaleta de sombras N1. JORGE DE LA GARZA"},"content":{"rendered":"<p>Paleta formada por 4 sombras de ojos intensas, water resistante y de larga duraci\u00f3n formuladas con alto porcentaje de pigmentos perlados que proporcionan una excelente intensidad de color con un acabado extra luminoso. Gracias a su formulaci\u00f3n compuesta por microesferas permite una perfecta adhesi\u00f3n a la piel y una aplicaci\u00f3n uniforme, evitando que se cuartee. Con una \u00fanica paleta se pueden conseguir m\u00faltiples looks, adem\u00e1s, con el Magic Liner, se pueden crear distintos eyeliners.<\/p>\n<p>Puede aplicarse con la yema de los dedos para una cobertura m\u00e1s intensa.<\/p>\n","protected":false},"excerpt":{"rendered":"<p>INGREDIENTES:<br \/>\nAceite de jojoba: suaviza, hidrata y nutre la piel. Libre de parabenos.<\/p>\n","protected":false},"featured_media":10957,"template":"","meta":[],"_links":{"self":[{"href":"https:\/\/www.yshiatsu.com\/es\/wp-json\/wp\/v2\/product\/11307"}],"collection":[{"href":"https:\/\/www.yshiatsu.com\/es\/wp-json\/wp\/v2\/product"}],"about":[{"href":"https:\/\/www.yshiatsu.com\/es\/wp-json\/wp\/v2\/types\/product"}],"wp:featuredmedia":[{"embeddable":true,"href":"https:\/\/www.yshiatsu.com\/es\/wp-json\/wp\/v2\/media\/10957"}],"wp:attachment":[{"href":"https:\/\/www.yshiatsu.com\/es\/wp-json\/wp\/v2\/media?parent=11307"}],"curies":[{"name":"wp","href":"https:\/\/api.w.org\/{rel}","templated":true}]}}