{"id":11311,"date":"2021-10-23T14:11:21","date_gmt":"2021-10-23T12:11:21","guid":{"rendered":"https:\/\/www.yshiatsu.com\/producte\/lip-velvetbarra-de-labios-jumbo-waterproof-jorge-de-la-garza-2\/"},"modified":"2021-11-13T10:42:48","modified_gmt":"2021-11-13T09:42:48","slug":"lip-velvetbarra-de-labios-jumbo-waterproof-jorge-de-la-garza-2","status":"publish","type":"product","link":"https:\/\/www.yshiatsu.com\/es\/producte\/lip-velvetbarra-de-labios-jumbo-waterproof-jorge-de-la-garza-2\/","title":{"rendered":"Lip VelvetBarra de labios jumbo waterproof, JORGE DE LA GARZA"},"content":{"rendered":"<p>ingredientes<br \/>\nL\u00e1pices de labios en formato estoy que proporciona una textura cremosa, un acabado semi-mate aterciopelado y un color intenso. Su avanzada formulaci\u00f3n permite llevarlo durante horas sin sentir sequedad en los labios, adem\u00e1s es waterproof. Su dise\u00f1o en formato estoy permite aplicarlo directamente desde el envase. Si se desea un acabado m\u00e1s perfecto, puede aplicarse mediante un pincel. Para quitarle punta utilizar la sacapuntas.<\/p>\n","protected":false},"excerpt":{"rendered":"<p>INGREDIENTES:<br \/>\nLibre de parabenos, aceites y parafina.<\/p>\n<p>textura<br \/>\ncrema<\/p>\n<p>acabado<br \/>\nmate aterciopelado<\/p>\n<p>presentaci\u00f3n<br \/>\nL\u00e1piz en estick<\/p>\n<p>capacidad<br \/>\n2,8g<\/p>\n<p>PAU<br \/>\n24M<\/p>\n","protected":false},"featured_media":10906,"template":"","meta":[],"_links":{"self":[{"href":"https:\/\/www.yshiatsu.com\/es\/wp-json\/wp\/v2\/product\/11311"}],"collection":[{"href":"https:\/\/www.yshiatsu.com\/es\/wp-json\/wp\/v2\/product"}],"about":[{"href":"https:\/\/www.yshiatsu.com\/es\/wp-json\/wp\/v2\/types\/product"}],"wp:featuredmedia":[{"embeddable":true,"href":"https:\/\/www.yshiatsu.com\/es\/wp-json\/wp\/v2\/media\/10906"}],"wp:attachment":[{"href":"https:\/\/www.yshiatsu.com\/es\/wp-json\/wp\/v2\/media?parent=11311"}],"curies":[{"name":"wp","href":"https:\/\/api.w.org\/{rel}","templated":true}]}}