{"id":11312,"date":"2021-10-23T13:50:56","date_gmt":"2021-10-23T11:50:56","guid":{"rendered":"https:\/\/www.yshiatsu.com\/producte\/rhose-lip-gloss-maquillaje-de-labios\/"},"modified":"2021-10-23T13:50:56","modified_gmt":"2021-10-23T11:50:56","slug":"rhose-lip-gloss-maquillaje-de-labios","status":"publish","type":"product","link":"https:\/\/www.yshiatsu.com\/es\/producte\/rhose-lip-gloss-maquillaje-de-labios\/","title":{"rendered":"Rhose Lip Gloss maquillaje de labios."},"content":{"rendered":"<p>Rhose Cosmetics le da la posibilidad de realzar este maquillaje de labios con nuestro Lip Gloss. Unos labios siempre brillantes, s\u00f3lo un toque de distinci\u00f3n o sofisticados, como t\u00fa quieras.<\/p>\n<p>Un buen complemento para los pintalabios que dar\u00e1 un resultado final espectacular.<br \/>\nLa textura suave y cremosa consigue un brillo extremo efecto mojado en los labios.<br \/>\nA su disposici\u00f3n tiene todo nuestro abanico de tonalidades desde tonalidades naturales y colores intensos, as\u00ed como en tonos con acabado multicolor.<br \/>\nEste efecto es perfecto para las mujeres que buscan generar mayor volumen en sus labios porque su textura brillante genera una ilusi\u00f3n de labios m\u00e1s voluminosos.<\/p>\n","protected":false},"excerpt":{"rendered":"<p>Rhose Cosmetics le da la posibilidad de realzar este maquillaje de labios con nuestro Lip Gloss. Unos labios siempre brillantes, s\u00f3lo un toque de distinci\u00f3n o<span class=\"excerpt-hellip\"> [\u2026]<\/span><\/p>\n","protected":false},"featured_media":10900,"template":"","meta":[],"_links":{"self":[{"href":"https:\/\/www.yshiatsu.com\/es\/wp-json\/wp\/v2\/product\/11312"}],"collection":[{"href":"https:\/\/www.yshiatsu.com\/es\/wp-json\/wp\/v2\/product"}],"about":[{"href":"https:\/\/www.yshiatsu.com\/es\/wp-json\/wp\/v2\/types\/product"}],"wp:featuredmedia":[{"embeddable":true,"href":"https:\/\/www.yshiatsu.com\/es\/wp-json\/wp\/v2\/media\/10900"}],"wp:attachment":[{"href":"https:\/\/www.yshiatsu.com\/es\/wp-json\/wp\/v2\/media?parent=11312"}],"curies":[{"name":"wp","href":"https:\/\/api.w.org\/{rel}","templated":true}]}}