{"id":11316,"date":"2021-10-23T12:01:22","date_gmt":"2021-10-23T10:01:22","guid":{"rendered":"https:\/\/www.yshiatsu.com\/producte\/gel-limpiador-purificante-facial-con-arbol-de-te-500ml-2\/"},"modified":"2021-10-23T12:01:22","modified_gmt":"2021-10-23T10:01:22","slug":"gel-limpiador-purificante-facial-con-arbol-de-te-500ml-2","status":"publish","type":"product","link":"https:\/\/www.yshiatsu.com\/es\/producte\/gel-limpiador-purificante-facial-con-arbol-de-te-500ml-2\/","title":{"rendered":"Gel Limpiador Purificante Facial Con \u00c1rbol De T\u00e9 &#8211; 500ML"},"content":{"rendered":"<p>Con Aceite del \u00c1rbol de T\u00e9 INDICACIONES: Gel limpiador purificante suave y fresco. Indicado para una perfecta limpieza de la piel grasa, mixta, con tendencia a acn\u00e9 o con poros dilatados u obstruidos. Elimina las impurezas y el exceso de grasa de la piel<\/p>\n","protected":false},"excerpt":{"rendered":"<p>Con Aceite del \u00c1rbol de T\u00e9 INDICACIONES: Gel limpiador purificante suave y fresco. Indicado para una perfecta limpieza de la piel grasa, mixta, con tendencia a<span class=\"excerpt-hellip\"> [\u2026]<\/span><\/p>\n","protected":false},"featured_media":10864,"template":"","meta":[],"_links":{"self":[{"href":"https:\/\/www.yshiatsu.com\/es\/wp-json\/wp\/v2\/product\/11316"}],"collection":[{"href":"https:\/\/www.yshiatsu.com\/es\/wp-json\/wp\/v2\/product"}],"about":[{"href":"https:\/\/www.yshiatsu.com\/es\/wp-json\/wp\/v2\/types\/product"}],"wp:featuredmedia":[{"embeddable":true,"href":"https:\/\/www.yshiatsu.com\/es\/wp-json\/wp\/v2\/media\/10864"}],"wp:attachment":[{"href":"https:\/\/www.yshiatsu.com\/es\/wp-json\/wp\/v2\/media?parent=11316"}],"curies":[{"name":"wp","href":"https:\/\/api.w.org\/{rel}","templated":true}]}}