{"id":11319,"date":"2021-10-23T11:36:01","date_gmt":"2021-10-23T09:36:01","guid":{"rendered":"https:\/\/www.yshiatsu.com\/producte\/emulsion-hidratante-ph5-750-ml-2\/"},"modified":"2021-10-23T11:36:01","modified_gmt":"2021-10-23T09:36:01","slug":"emulsion-hidratante-ph5-750-ml-2","status":"publish","type":"product","link":"https:\/\/www.yshiatsu.com\/es\/producte\/emulsion-hidratante-ph5-750-ml-2\/","title":{"rendered":"Emulsi\u00f3n Hidratante PH5 &#8211; 750 Ml"},"content":{"rendered":"<p>F\u00f3rmula ideal para uso diario y especialmente usos intensivos. Cuida y protege la piel, tambi\u00e9n indicada para pacientes con prolongada inmovilidad. Indicada para despu\u00e9s de la limpieza, ducha o ba\u00f1o.<br \/>\nNo es grasa.<\/p>\n","protected":false},"excerpt":{"rendered":"<p>F\u00f3rmula ideal para uso diario y especialmente usos intensivos. Cuida y protege la piel, tambi\u00e9n indicada para pacientes con prolongada inmovilidad. Indicada para despu\u00e9s de la<span class=\"excerpt-hellip\"> [\u2026]<\/span><\/p>\n","protected":false},"featured_media":10849,"template":"","meta":[],"_links":{"self":[{"href":"https:\/\/www.yshiatsu.com\/es\/wp-json\/wp\/v2\/product\/11319"}],"collection":[{"href":"https:\/\/www.yshiatsu.com\/es\/wp-json\/wp\/v2\/product"}],"about":[{"href":"https:\/\/www.yshiatsu.com\/es\/wp-json\/wp\/v2\/types\/product"}],"wp:featuredmedia":[{"embeddable":true,"href":"https:\/\/www.yshiatsu.com\/es\/wp-json\/wp\/v2\/media\/10849"}],"wp:attachment":[{"href":"https:\/\/www.yshiatsu.com\/es\/wp-json\/wp\/v2\/media?parent=11319"}],"curies":[{"name":"wp","href":"https:\/\/api.w.org\/{rel}","templated":true}]}}