{"id":11320,"date":"2021-10-23T11:28:56","date_gmt":"2021-10-23T09:28:56","guid":{"rendered":"https:\/\/www.yshiatsu.com\/producte\/gel-corporal-de-aloe-vera-500ml-2\/"},"modified":"2021-10-23T11:28:56","modified_gmt":"2021-10-23T09:28:56","slug":"gel-corporal-de-aloe-vera-500ml-2","status":"publish","type":"product","link":"https:\/\/www.yshiatsu.com\/es\/producte\/gel-corporal-de-aloe-vera-500ml-2\/","title":{"rendered":"Gel Corporal De Aloe Vera &#8211; 500ml"},"content":{"rendered":"<p>Aloe Vera evita la p\u00e9rdida de humedad de la piel. Estimula la formaci\u00f3n de col\u00e1geno acelerando el proceso de regeneraci\u00f3n celular. Restaura y equilibra el pH de la piel. Dado que la piel necesita mantener un grado elevado de humedad para tener una buena elasticidad, Aloe Vera es un buen ingrediente hidratante.<\/p>\n","protected":false},"excerpt":{"rendered":"<p>Aloe Vera evita la p\u00e9rdida de humedad de la piel. Estimula la formaci\u00f3n de col\u00e1geno acelerando el proceso de regeneraci\u00f3n celular. Restaura y equilibra el pH<span class=\"excerpt-hellip\"> [\u2026]<\/span><\/p>\n","protected":false},"featured_media":10843,"template":"","meta":[],"_links":{"self":[{"href":"https:\/\/www.yshiatsu.com\/es\/wp-json\/wp\/v2\/product\/11320"}],"collection":[{"href":"https:\/\/www.yshiatsu.com\/es\/wp-json\/wp\/v2\/product"}],"about":[{"href":"https:\/\/www.yshiatsu.com\/es\/wp-json\/wp\/v2\/types\/product"}],"wp:featuredmedia":[{"embeddable":true,"href":"https:\/\/www.yshiatsu.com\/es\/wp-json\/wp\/v2\/media\/10843"}],"wp:attachment":[{"href":"https:\/\/www.yshiatsu.com\/es\/wp-json\/wp\/v2\/media?parent=11320"}],"curies":[{"name":"wp","href":"https:\/\/api.w.org\/{rel}","templated":true}]}}