{"id":11355,"date":"2021-10-23T11:13:42","date_gmt":"2021-10-23T09:13:42","guid":{"rendered":"https:\/\/www.yshiatsu.com\/producte\/aceite-de-rosa-mosqueta-30ml-2\/"},"modified":"2021-11-16T14:58:58","modified_gmt":"2021-11-16T13:58:58","slug":"aceite-de-rosa-mosqueta-30ml-2","status":"publish","type":"product","link":"https:\/\/www.yshiatsu.com\/es\/producte\/aceite-de-rosa-mosqueta-30ml-2\/","title":{"rendered":"Aceite De Rosa Mosqueta &#8211; 30ml"},"content":{"rendered":"<p>Excelente nutriente para la piel. Act\u00faa sobre la capacidad de renovaci\u00f3n de la piel, mejorando su elasticidad, flexibilidad y firmeza. Ilumina y restaura el tono cut\u00e1neo. Aten\u00faa las manchas, arrugas, descamaci\u00f3n y signos del envejecimiento cut\u00e1neo. Efecto normalizador de las condiciones fisiol\u00f3gicas cut\u00e1neas en pieles reactivas, tirantes y fr\u00e1giles<\/p>\n","protected":false},"excerpt":{"rendered":"<p>Excelente nutriente para la piel. Act\u00faa sobre la capacidad de renovaci\u00f3n de la piel, mejorando su elasticidad, flexibilidad y firmeza. Ilumina y restaura el tono cut\u00e1neo.<span class=\"excerpt-hellip\"> [\u2026]<\/span><\/p>\n","protected":false},"featured_media":10831,"template":"","meta":[],"_links":{"self":[{"href":"https:\/\/www.yshiatsu.com\/es\/wp-json\/wp\/v2\/product\/11355"}],"collection":[{"href":"https:\/\/www.yshiatsu.com\/es\/wp-json\/wp\/v2\/product"}],"about":[{"href":"https:\/\/www.yshiatsu.com\/es\/wp-json\/wp\/v2\/types\/product"}],"wp:featuredmedia":[{"embeddable":true,"href":"https:\/\/www.yshiatsu.com\/es\/wp-json\/wp\/v2\/media\/10831"}],"wp:attachment":[{"href":"https:\/\/www.yshiatsu.com\/es\/wp-json\/wp\/v2\/media?parent=11355"}],"curies":[{"name":"wp","href":"https:\/\/api.w.org\/{rel}","templated":true}]}}