{"id":11360,"date":"2021-10-23T11:04:51","date_gmt":"2021-10-23T09:04:51","guid":{"rendered":"https:\/\/www.yshiatsu.com\/producte\/crema-hidratante-de-aloe-vera-y-rosa-mosqueta-200-ml\/"},"modified":"2021-10-23T11:04:51","modified_gmt":"2021-10-23T09:04:51","slug":"crema-hidratante-de-aloe-vera-y-rosa-mosqueta-200-ml","status":"publish","type":"product","link":"https:\/\/www.yshiatsu.com\/es\/producte\/crema-hidratante-de-aloe-vera-y-rosa-mosqueta-200-ml\/","title":{"rendered":"Crema Hidratante De Aloe Vera Y Rosa Mosqueta &#8211; 200 ml"},"content":{"rendered":"<p>Crema hidratante con Aloe Vera y Rosa Mosqueta, ideal para pieles despu\u00e9s de tratamiento UVA, solarium o depilaci\u00f3n l\u00e1ser.<br \/>\nSu alto contenido en Aloe Vera y Rosa Mosqueta ayuda a recuperar la elasticidad y flexibilidad de la piel, hidrat\u00e1ndola en profundidad, y reduciendo la irritaci\u00f3n y la tirantez.<\/p>\n<p>F\u00d3RMULA MEJORADA \u00b7 CONTIENE VITAMINA E<\/p>\n","protected":false},"excerpt":{"rendered":"<p>Crema hidratante con Aloe Vera y Rosa Mosqueta, ideal para pieles despu\u00e9s de tratamiento UVA, solarium o depilaci\u00f3n l\u00e1ser. Su alto contenido en Aloe Vera y<span class=\"excerpt-hellip\"> [\u2026]<\/span><\/p>\n","protected":false},"featured_media":10826,"template":"","meta":[],"_links":{"self":[{"href":"https:\/\/www.yshiatsu.com\/es\/wp-json\/wp\/v2\/product\/11360"}],"collection":[{"href":"https:\/\/www.yshiatsu.com\/es\/wp-json\/wp\/v2\/product"}],"about":[{"href":"https:\/\/www.yshiatsu.com\/es\/wp-json\/wp\/v2\/types\/product"}],"wp:featuredmedia":[{"embeddable":true,"href":"https:\/\/www.yshiatsu.com\/es\/wp-json\/wp\/v2\/media\/10826"}],"wp:attachment":[{"href":"https:\/\/www.yshiatsu.com\/es\/wp-json\/wp\/v2\/media?parent=11360"}],"curies":[{"name":"wp","href":"https:\/\/api.w.org\/{rel}","templated":true}]}}