{"id":11363,"date":"2021-10-06T16:44:10","date_gmt":"2021-10-06T14:44:10","guid":{"rendered":"https:\/\/www.yshiatsu.com\/producte\/crema-anticelulitica-con-cafeina-y-extracto-de-algas-500ml-2\/"},"modified":"2021-10-06T16:44:10","modified_gmt":"2021-10-06T14:44:10","slug":"crema-anticelulitica-con-cafeina-y-extracto-de-algas-500ml-2","status":"publish","type":"product","link":"https:\/\/www.yshiatsu.com\/es\/producte\/crema-anticelulitica-con-cafeina-y-extracto-de-algas-500ml-2\/","title":{"rendered":"CREMA ANTICELUL\u00cdTICA CON CAFE\u00cdNA Y EXTRACTO DE ALGAS. 500ML."},"content":{"rendered":"<p>Enriquecida con cafe\u00edna, para combatir los signos de celulitis en la piel. Crema espec\u00edfica para tratar con eficacia los signos de celulitis y grasa cut\u00e1nea.<br \/>\nLibre de parabenos &#8211; PARAFINA- ALCOHOL<\/p>\n","protected":false},"excerpt":{"rendered":"<p>Enriquecida con cafe\u00edna, para combatir los signos de celulitis en la piel. Crema espec\u00edfica para tratar con eficacia los signos de celulitis y grasa cut\u00e1nea. Libre<span class=\"excerpt-hellip\"> [\u2026]<\/span><\/p>\n","protected":false},"featured_media":10585,"template":"","meta":[],"_links":{"self":[{"href":"https:\/\/www.yshiatsu.com\/es\/wp-json\/wp\/v2\/product\/11363"}],"collection":[{"href":"https:\/\/www.yshiatsu.com\/es\/wp-json\/wp\/v2\/product"}],"about":[{"href":"https:\/\/www.yshiatsu.com\/es\/wp-json\/wp\/v2\/types\/product"}],"wp:featuredmedia":[{"embeddable":true,"href":"https:\/\/www.yshiatsu.com\/es\/wp-json\/wp\/v2\/media\/10585"}],"wp:attachment":[{"href":"https:\/\/www.yshiatsu.com\/es\/wp-json\/wp\/v2\/media?parent=11363"}],"curies":[{"name":"wp","href":"https:\/\/api.w.org\/{rel}","templated":true}]}}