{"id":11368,"date":"2021-09-24T10:52:31","date_gmt":"2021-09-24T08:52:31","guid":{"rendered":"https:\/\/www.yshiatsu.com\/producte\/depilacion-laser-diode-areas-pequenas-20-e-pac-7-sesiones\/"},"modified":"2021-09-24T10:52:31","modified_gmt":"2021-09-24T08:52:31","slug":"depilacion-laser-diode-areas-pequenas-20-e-pac-7-sesiones","status":"publish","type":"product","link":"https:\/\/www.yshiatsu.com\/es\/producte\/depilacion-laser-diode-areas-pequenas-20-e-pac-7-sesiones\/","title":{"rendered":"Depilaci\u00f3n LASER DIODE \u00e1reas peque\u00f1as 20 \u20ac PAC 7 SESIONES."},"content":{"rendered":"<p>labio<br \/>\nment\u00f3n<br \/>\np\u00f3mulos<br \/>\npatillas<br \/>\nnuca<br \/>\nar\u00e9olas<br \/>\naxilas<br \/>\ncuello<br \/>\ndedos<br \/>\nentreceja<br \/>\norejas<br \/>\nmanos<br \/>\nperianal<br \/>\npies<\/p>\n","protected":false},"excerpt":{"rendered":"<p>* Precios por sesi\u00f3n comprando CUP\u00d3N de 7 sesiones<\/p>\n","protected":false},"featured_media":13216,"template":"","meta":[],"_links":{"self":[{"href":"https:\/\/www.yshiatsu.com\/es\/wp-json\/wp\/v2\/product\/11368"}],"collection":[{"href":"https:\/\/www.yshiatsu.com\/es\/wp-json\/wp\/v2\/product"}],"about":[{"href":"https:\/\/www.yshiatsu.com\/es\/wp-json\/wp\/v2\/types\/product"}],"wp:featuredmedia":[{"embeddable":true,"href":"https:\/\/www.yshiatsu.com\/es\/wp-json\/wp\/v2\/media\/13216"}],"wp:attachment":[{"href":"https:\/\/www.yshiatsu.com\/es\/wp-json\/wp\/v2\/media?parent=11368"}],"curies":[{"name":"wp","href":"https:\/\/api.w.org\/{rel}","templated":true}]}}