{"id":11369,"date":"2021-09-23T16:25:36","date_gmt":"2021-09-23T14:25:36","guid":{"rendered":"https:\/\/www.yshiatsu.com\/producte\/pac-presoterapia\/"},"modified":"2021-09-23T16:25:36","modified_gmt":"2021-09-23T14:25:36","slug":"pac-presoterapia","status":"publish","type":"product","link":"https:\/\/www.yshiatsu.com\/es\/producte\/pac-presoterapia\/","title":{"rendered":"PAC PRESOTERAPIA."},"content":{"rendered":"<p>20 \u20ac Sesi\u00f3n X 8 Sesiones + 2 SESIONES REGALO<br \/>\n10 SESIONES.<\/p>\n<p>60 minutos\/ SESI\u00d3N.<\/p>\n","protected":false},"excerpt":{"rendered":"<p>IMPRESS 240 es el m\u00e9todo terap\u00e9utico m\u00e1s eficaz para la activaci\u00f3n del sistema circulatorio de retorno (venoso y linf\u00e1tico), estimulando la reabsorci\u00f3n de los fluidos intersticiales y su drenaje hacia los mecanismos de filtraci\u00f3n del organismo.<\/p>\n<p>INDICADO PARA:<\/p>\n<p>&#8211; Edema postoperatorio; Edema postraum\u00e1tico; Linfoedema y edema venoso; Determinaci\u00f3n del sistema circulatorio de retorno venoso y linf\u00e1tico; Celulitis edematosa y mixta; Prevenci\u00f3n de trombosis en pacientes encamados; Mantenimiento de un buen sistema circulatorio; Prevenci\u00f3n de patolog\u00edas circulatorias (varices, etc..); Prevenci\u00f3n de complicaciones post cirug\u00eda cosm\u00e9tica.<\/p>\n<p>MODOS:<\/p>\n<p>El equipo dispone de 6 formas diferentes de tratamiento, cada uno de ellos con 9 programas prefijados:<\/p>\n<p>&#8211; Intensivo: Produce un fuerte efecto drenaje.<\/p>\n<p>&#8211; Inguinal: Desbloqueo de n\u00f3dulos linf\u00e1ticos. Tratamiento de edemas de componente linf\u00e1tico<\/p>\n<p>&#8211; Secuencial: Efecto de drenaje m\u00e1s suave y superficial, similar a un masaje<\/p>\n<p>&#8211; Linf\u00e1tico: Emula en el drenaje linf\u00e1tico manual<\/p>\n<p>&#8211; Fisiol\u00f3gico: Reactivaci\u00f3n eficaz de la circulaci\u00f3n venosa y linf\u00e1tica, favoreciendo la reeducaci\u00f3n de sistema valvular, por lo que es el modo de tratamiento ideal como complemento a la mayor\u00eda de tratamientos<\/p>\n<p>&#8211; Combinado: Dise\u00f1ado para que el usuario pueda utilizar y memorizar m\u00e1s de nueve programas a medida.<\/p>\n<p>APLICACIONES:<\/p>\n<p>&#8211; Tratamientos personalizados<\/p>\n<p>&#8211; Medidor de tensi\u00f3n arterial<\/p>\n<p>&#8211; Adaptaci\u00f3n autom\u00e1tica de los programas preestablecidos a la presi\u00f3n del paciente<\/p>\n<p>&#8211; Regulador de presi\u00f3n independiente por compartimento<\/p>\n","protected":false},"featured_media":8570,"template":"","meta":[],"_links":{"self":[{"href":"https:\/\/www.yshiatsu.com\/es\/wp-json\/wp\/v2\/product\/11369"}],"collection":[{"href":"https:\/\/www.yshiatsu.com\/es\/wp-json\/wp\/v2\/product"}],"about":[{"href":"https:\/\/www.yshiatsu.com\/es\/wp-json\/wp\/v2\/types\/product"}],"wp:featuredmedia":[{"embeddable":true,"href":"https:\/\/www.yshiatsu.com\/es\/wp-json\/wp\/v2\/media\/8570"}],"wp:attachment":[{"href":"https:\/\/www.yshiatsu.com\/es\/wp-json\/wp\/v2\/media?parent=11369"}],"curies":[{"name":"wp","href":"https:\/\/api.w.org\/{rel}","templated":true}]}}