{"id":11405,"date":"2021-05-05T13:36:13","date_gmt":"2021-05-05T11:36:13","guid":{"rendered":"https:\/\/www.yshiatsu.com\/producte\/pac-criolipolisis-1-zona-tratamiento\/"},"modified":"2024-04-01T02:30:18","modified_gmt":"2024-04-01T00:30:18","slug":"pac-criolipolisis-1-zona-tratamiento","status":"publish","type":"product","link":"https:\/\/www.yshiatsu.com\/es\/producte\/pac-criolipolisis-1-zona-tratamiento\/","title":{"rendered":"PAC CRIOLIPOLISIS 1 ZONA TRATAMIENTO."},"content":{"rendered":"<p>PAC CRIOLIPOLISIS<br \/>\n1 ZONA TRATAMIENTO.<br \/>\nZONA 1: (GLUTE; BRAZOS; PANCHA; MUSLOS; ENTRECUIX; FLANCOS&#8230;)<\/p>\n<p>CADA ZONA 90\u20ac<br \/>\n5 TRATAMIENTOS TOTALES \/\/ 1 TRATAMIENTO AL MES. + REGALO : 4 REAFIRMANCIONES corporales HI-SCULPT GRATUITAS<\/p>\n<p>Criolip\u00f3lisis Cocoon se convierte en la protagonista. Con este efectivo tratamiento se destruyen los c\u00famulos de grasa de forma selectiva, sin afectar al resto de tejidos adyacentes.<\/p>\n<p>\u00bfC\u00f3mo es esto posible? Sencillo, el tratamiento funciona aplicando fr\u00edo controlado hacia la zona a tratar y act\u00faa eliminando el exceso de adipocitos y de paso modelando la figura.<\/p>\n","protected":false},"excerpt":{"rendered":"<p>CRIOLIPOLISIS COCOON: RESULTADOS SORPRENDENTES<br \/>\nDefinitivamente, el mayor atractivo de la Criolip\u00f3lisis Cocoon es que es una alternativa a la liposucci\u00f3n, de esta forma un tratamiento no invasivo para conseguir su objetivo.<\/p>\n<p>As\u00ed que a continuaci\u00f3n, te vamos a despejar las dudas m\u00e1s recurrentes que se hacen las personas que buscan un tratamiento seguro y efectivo para eliminar la grasa localizada.<\/p>\n<p>\u00bfC\u00f3mo es una sesi\u00f3n de Criolip\u00f3lisis Cocoon?<\/p>\n<p>Durante cada sesi\u00f3n, que tiene una duraci\u00f3n de m\u00e1ximo 1 hora (seg\u00fan el tama\u00f1o del \u00e1rea a tratar) se utiliza un cabezal que aplica una ligera presi\u00f3n y por supuesto, fr\u00edo.<\/p>\n<p>Como te hemos mencionado, es una t\u00e9cnica no invasiva y no vas a sentir ning\u00fan dolor, por lo que no requiere del uso de anestesia ni agujas para su aplicaci\u00f3n.<\/p>\n<p>Es posible que llegues a sentir sensaci\u00f3n de hormigueo, que normalmente desaparece en pocos minutos, as\u00ed que no te preocupes, ni tu piel ni tus tejidos se ver\u00e1n afectados durante las sesiones.<\/p>\n","protected":false},"featured_media":10278,"template":"","meta":[],"_links":{"self":[{"href":"https:\/\/www.yshiatsu.com\/es\/wp-json\/wp\/v2\/product\/11405"}],"collection":[{"href":"https:\/\/www.yshiatsu.com\/es\/wp-json\/wp\/v2\/product"}],"about":[{"href":"https:\/\/www.yshiatsu.com\/es\/wp-json\/wp\/v2\/types\/product"}],"wp:featuredmedia":[{"embeddable":true,"href":"https:\/\/www.yshiatsu.com\/es\/wp-json\/wp\/v2\/media\/10278"}],"wp:attachment":[{"href":"https:\/\/www.yshiatsu.com\/es\/wp-json\/wp\/v2\/media?parent=11405"}],"curies":[{"name":"wp","href":"https:\/\/api.w.org\/{rel}","templated":true}]}}