{"id":11459,"date":"2021-05-02T20:09:13","date_gmt":"2021-05-02T18:09:13","guid":{"rendered":"https:\/\/www.yshiatsu.com\/producte\/spa-fluido-fundente-calmante-50ml\/"},"modified":"2021-05-02T20:09:13","modified_gmt":"2021-05-02T18:09:13","slug":"spa-fluido-fundente-calmante-50ml","status":"publish","type":"product","link":"https:\/\/www.yshiatsu.com\/es\/producte\/spa-fluido-fundente-calmante-50ml\/","title":{"rendered":"SPA.Fluido fundente calmante.50ML"},"content":{"rendered":"<p>ACTIVOS<br \/>\nCOMPLEJO HIDRATANTE<br \/>\nFlexibilizar e hidratar (vitamina F, provitamina B5, escualeno).<\/p>\n<p>UEA Thermale SPA \u2122<br \/>\nEquilibrar el umbral de tolerancia y ayudar a la piel a disminuir su hipersensibilidad.<\/p>\n<p>EXTRACTO DE HOJA DE YESAMINO SILVESTRE<br \/>\nDisminuir la hiperreactividad celular responsable de las sensaciones inc\u00f3modas de la piel.<\/p>\n<p>Fosfol\u00edpidos DE SOJA<br \/>\nAyudar a la piel a protegerse de las agresiones externas.<br \/>\nBENEFICIOS<br \/>\nLa piel est\u00e1 menos sensible, m\u00e1s confortable d\u00eda a d\u00eda (80% de satisfacci\u00f3n) * Disminuci\u00f3n de la sensibilidad de la piel del 61% (demostrado a trav\u00e9s del stinging test.) *<\/p>\n","protected":false},"excerpt":{"rendered":"<p>Fluido fundente calmante<br \/>\nProtecci\u00f3n diaria indispensable para el confort de las pieles sensibles. Fluido fresco para Proteger &#8211; Calmar &#8211; Equilibrar las pieles sensibles con tendencia a mixtas.<br \/>\nUTILIZACI\u00d3N<br \/>\nAplicar ma\u00f1ana y\/o noche con peque\u00f1os toques sobre el conjunto de la cara y cuello, y hacer penetrar con suaves movimientos circulares.<\/p>\n","protected":false},"featured_media":9230,"template":"","meta":[],"_links":{"self":[{"href":"https:\/\/www.yshiatsu.com\/es\/wp-json\/wp\/v2\/product\/11459"}],"collection":[{"href":"https:\/\/www.yshiatsu.com\/es\/wp-json\/wp\/v2\/product"}],"about":[{"href":"https:\/\/www.yshiatsu.com\/es\/wp-json\/wp\/v2\/types\/product"}],"wp:featuredmedia":[{"embeddable":true,"href":"https:\/\/www.yshiatsu.com\/es\/wp-json\/wp\/v2\/media\/9230"}],"wp:attachment":[{"href":"https:\/\/www.yshiatsu.com\/es\/wp-json\/wp\/v2\/media?parent=11459"}],"curies":[{"name":"wp","href":"https:\/\/api.w.org\/{rel}","templated":true}]}}