{"id":11461,"date":"2021-05-02T19:43:43","date_gmt":"2021-05-02T17:43:43","guid":{"rendered":"https:\/\/www.yshiatsu.com\/producte\/liner-waterproofperfilador-de-ojos-waterproof\/"},"modified":"2021-11-23T10:55:35","modified_gmt":"2021-11-23T09:55:35","slug":"liner-waterproofperfilador-de-ojos-waterproof","status":"publish","type":"product","link":"https:\/\/www.yshiatsu.com\/es\/producte\/liner-waterproofperfilador-de-ojos-waterproof\/","title":{"rendered":"Liner WaterproofPerfilador de ojos waterproof."},"content":{"rendered":"<p>INGREDIENTES:<br \/>\nLibre en aceites y parafina.<br \/>\ntextura<br \/>\ncrema<\/p>\n<p>acabado<br \/>\nmate<\/p>\n<p>presentaci\u00f3n<br \/>\ncrema, L\u00e1piz<\/p>\n<p>capacidad<br \/>\n1,1g<\/p>\n<p>PAU<br \/>\n12M<\/p>\n","protected":false},"excerpt":{"rendered":"<p>Perfilador eye liner waterproof de larga duraci\u00f3n con una extraordinaria definici\u00f3n del color y de muy f\u00e1cil aplicaci\u00f3n. Desliza suavemente por el p\u00e1rpado ya los pocos segundos se fija totalmente. Si lo trabajamos r\u00e1pidamente podemos difuminarlo. Una vez seco queda muy fijo.<\/p>\n<p>2 referencias A ESCOGER:<br \/>\n02 Brown Marr\u00f3n<br \/>\n01 Black Negro intenso<\/p>\n","protected":false},"featured_media":9220,"template":"","meta":[],"_links":{"self":[{"href":"https:\/\/www.yshiatsu.com\/es\/wp-json\/wp\/v2\/product\/11461"}],"collection":[{"href":"https:\/\/www.yshiatsu.com\/es\/wp-json\/wp\/v2\/product"}],"about":[{"href":"https:\/\/www.yshiatsu.com\/es\/wp-json\/wp\/v2\/types\/product"}],"wp:featuredmedia":[{"embeddable":true,"href":"https:\/\/www.yshiatsu.com\/es\/wp-json\/wp\/v2\/media\/9220"}],"wp:attachment":[{"href":"https:\/\/www.yshiatsu.com\/es\/wp-json\/wp\/v2\/media?parent=11461"}],"curies":[{"name":"wp","href":"https:\/\/api.w.org\/{rel}","templated":true}]}}