{"id":11462,"date":"2021-05-02T19:05:35","date_gmt":"2021-05-02T17:05:35","guid":{"rendered":"https:\/\/www.yshiatsu.com\/producte\/suero-jeunesse-unificador-30ml\/"},"modified":"2021-05-02T19:05:35","modified_gmt":"2021-05-02T17:05:35","slug":"suero-jeunesse-unificador-30ml","status":"publish","type":"product","link":"https:\/\/www.yshiatsu.com\/es\/producte\/suero-jeunesse-unificador-30ml\/","title":{"rendered":"Suero jeunesse unificador.30ML"},"content":{"rendered":"<p>ACTIVOS<br \/>\nTetr\u00e1meros de resveratrol<br \/>\nCombinaci\u00f3n de 4 mol\u00e9culas de resveratrol obtenidas de ra\u00edces de vid para reducir la apariencia de las manchas.<\/p>\n<p>Activos dermo-unificadores<br \/>\nP\u00e9ptido vectorizado &#8211; exopolisac\u00e1ridos marinos &#8211; Pore refiner system<\/p>\n","protected":false},"excerpt":{"rendered":"<p>Suero con textura efecto mate, que ayuda a reducir el aspecto de las imperfecciones de color de la piel as\u00ed como de todos los tipos de poro, ya alisar visiblemente las arrugas en superficie.<br \/>\nUTILIZACI\u00d3N<br \/>\nAplicar ma\u00f1ana y noche sobre el rostro y el cuello (1 utilizaci\u00f3n = 1 a 2 presiones). Continuar con la quema de tratamiento adaptado.<\/p>\n","protected":false},"featured_media":9217,"template":"","meta":[],"_links":{"self":[{"href":"https:\/\/www.yshiatsu.com\/es\/wp-json\/wp\/v2\/product\/11462"}],"collection":[{"href":"https:\/\/www.yshiatsu.com\/es\/wp-json\/wp\/v2\/product"}],"about":[{"href":"https:\/\/www.yshiatsu.com\/es\/wp-json\/wp\/v2\/types\/product"}],"wp:featuredmedia":[{"embeddable":true,"href":"https:\/\/www.yshiatsu.com\/es\/wp-json\/wp\/v2\/media\/9217"}],"wp:attachment":[{"href":"https:\/\/www.yshiatsu.com\/es\/wp-json\/wp\/v2\/media?parent=11462"}],"curies":[{"name":"wp","href":"https:\/\/api.w.org\/{rel}","templated":true}]}}