{"id":11463,"date":"2021-05-02T19:02:04","date_gmt":"2021-05-02T17:02:04","guid":{"rendered":"https:\/\/www.yshiatsu.com\/producte\/suero-jeunesse-foco-firmeza-30ml\/"},"modified":"2021-05-02T19:02:04","modified_gmt":"2021-05-02T17:02:04","slug":"suero-jeunesse-foco-firmeza-30ml","status":"publish","type":"product","link":"https:\/\/www.yshiatsu.com\/es\/producte\/suero-jeunesse-foco-firmeza-30ml\/","title":{"rendered":"Suero jeunesse foco firmeza.30ML"},"content":{"rendered":"<p>ACTIVOS<br \/>\nActivos dermo-tensores<br \/>\nExtracto de Mandioca y de Pululano.<\/p>\n<p>P\u00e9ptidos de cobre<br \/>\nVerdadero ladrillo metab\u00f3lico de la piel para facilitar la actividad natural de s\u00edntesis de col\u00e1geno y de elastina, fuente de la firmeza de la cara.<\/p>\n<p>Activos complementarios dermo-densificadoras<br \/>\nNAG6P &#8211; \u00c1cido el\u00e1gico<\/p>\n","protected":false},"excerpt":{"rendered":"<p>Suero de textura gel efecto stretch (&#8220;el\u00e1stico&#8221;) que ayuda a limitar el relajamiento cut\u00e1neo para tonificar, fortalecer y tensar visiblemente los rasgos.<br \/>\nUTILIZACI\u00d3N<br \/>\nAplicar ma\u00f1ana y noche sobre el rostro y el cuello (1 utilizaci\u00f3n = 1 a 2 presiones). Continuar con la quema de tratamiento adaptado.<\/p>\n","protected":false},"featured_media":9214,"template":"","meta":[],"_links":{"self":[{"href":"https:\/\/www.yshiatsu.com\/es\/wp-json\/wp\/v2\/product\/11463"}],"collection":[{"href":"https:\/\/www.yshiatsu.com\/es\/wp-json\/wp\/v2\/product"}],"about":[{"href":"https:\/\/www.yshiatsu.com\/es\/wp-json\/wp\/v2\/types\/product"}],"wp:featuredmedia":[{"embeddable":true,"href":"https:\/\/www.yshiatsu.com\/es\/wp-json\/wp\/v2\/media\/9214"}],"wp:attachment":[{"href":"https:\/\/www.yshiatsu.com\/es\/wp-json\/wp\/v2\/media?parent=11463"}],"curies":[{"name":"wp","href":"https:\/\/api.w.org\/{rel}","templated":true}]}}