{"id":11466,"date":"2021-05-02T18:25:27","date_gmt":"2021-05-02T16:25:27","guid":{"rendered":"https:\/\/www.yshiatsu.com\/producte\/suero-jeunesse-foco-arrugas-30ml\/"},"modified":"2021-05-02T18:25:27","modified_gmt":"2021-05-02T16:25:27","slug":"suero-jeunesse-foco-arrugas-30ml","status":"publish","type":"product","link":"https:\/\/www.yshiatsu.com\/es\/producte\/suero-jeunesse-foco-arrugas-30ml\/","title":{"rendered":"Suero jeunesse foco arrugas.30ML"},"content":{"rendered":"<p>ACTIVOS<br \/>\nexopolisac\u00e1ridos marinos<br \/>\nPara llenar las arrugas desde el interior potenciando la s\u00edntesis de \u00e1cido hialur\u00f3nico d\u00e9rmico por los fibroblastos.<\/p>\n<p>Activos dermo-alisantes<br \/>\nDi y trip\u00e9ptidos de Arroz + hexap\u00e9ptido &#8211; An\u00e1logo biotecnol\u00f3gico de \u00e1cido hialur\u00f3nico<\/p>\n","protected":false},"excerpt":{"rendered":"<p>Suero de textura fundente que ayuda a llenar visiblemente las arrugas existentes, alisar la superficie de la piel y limitar los signos del envejecimiento.<br \/>\nUTILIZACI\u00d3N<br \/>\nAplicar ma\u00f1ana y noche sobre el rostro y el cuello (1 utilizaci\u00f3n = 1 a 2 presiones). Continuar con la quema de tratamiento adaptado.<\/p>\n","protected":false},"featured_media":9203,"template":"","meta":[],"_links":{"self":[{"href":"https:\/\/www.yshiatsu.com\/es\/wp-json\/wp\/v2\/product\/11466"}],"collection":[{"href":"https:\/\/www.yshiatsu.com\/es\/wp-json\/wp\/v2\/product"}],"about":[{"href":"https:\/\/www.yshiatsu.com\/es\/wp-json\/wp\/v2\/types\/product"}],"wp:featuredmedia":[{"embeddable":true,"href":"https:\/\/www.yshiatsu.com\/es\/wp-json\/wp\/v2\/media\/9203"}],"wp:attachment":[{"href":"https:\/\/www.yshiatsu.com\/es\/wp-json\/wp\/v2\/media?parent=11466"}],"curies":[{"name":"wp","href":"https:\/\/api.w.org\/{rel}","templated":true}]}}