{"id":11467,"date":"2021-05-02T18:22:10","date_gmt":"2021-05-02T16:22:10","guid":{"rendered":"https:\/\/www.yshiatsu.com\/producte\/suero-jeunesse-oval-perfecto-30ml\/"},"modified":"2021-05-02T18:22:10","modified_gmt":"2021-05-02T16:22:10","slug":"suero-jeunesse-oval-perfecto-30ml","status":"publish","type":"product","link":"https:\/\/www.yshiatsu.com\/es\/producte\/suero-jeunesse-oval-perfecto-30ml\/","title":{"rendered":"Suero jeunesse oval perfecto.30ML"},"content":{"rendered":"<p>ACTIVOS<br \/>\nActivos complementarios dermo-tensores<br \/>\nAz\u00facar de Mandioca<\/p>\n<p>Activos dermo-afinantes<br \/>\nOligosac\u00e1ridos marinos &#8211; Extracto de flor de Naranja amarga &#8211; Extracto de Hiedra<\/p>\n<p>p\u00e9ptidos M 3,0<br \/>\nPara potenciar la s\u00edntesis de col\u00e1geno, garantizar una estructura d\u00e9rmica eficaz y duradera y as\u00ed tensar la cara para volver-textura y tonicidad.<\/p>\n","protected":false},"excerpt":{"rendered":"<p>Suero de textura envolvente y remodeladora que redibuja al instante el \u00f3valo facial, ayuda a preservar el contorno de la cara y alisa el escote desde los 25 a\u00f1os.<br \/>\nUTILIZACI\u00d3N<br \/>\nAplicar ma\u00f1ana y noche sobre el rostro y el cuello (1 utilizaci\u00f3n = 1 a 2 presiones). Continuar con la quema de tratamiento adaptado.<\/p>\n","protected":false},"featured_media":9200,"template":"","meta":[],"_links":{"self":[{"href":"https:\/\/www.yshiatsu.com\/es\/wp-json\/wp\/v2\/product\/11467"}],"collection":[{"href":"https:\/\/www.yshiatsu.com\/es\/wp-json\/wp\/v2\/product"}],"about":[{"href":"https:\/\/www.yshiatsu.com\/es\/wp-json\/wp\/v2\/types\/product"}],"wp:featuredmedia":[{"embeddable":true,"href":"https:\/\/www.yshiatsu.com\/es\/wp-json\/wp\/v2\/media\/9200"}],"wp:attachment":[{"href":"https:\/\/www.yshiatsu.com\/es\/wp-json\/wp\/v2\/media?parent=11467"}],"curies":[{"name":"wp","href":"https:\/\/api.w.org\/{rel}","templated":true}]}}