{"id":11504,"date":"2021-05-02T11:52:58","date_gmt":"2021-05-02T09:52:58","guid":{"rendered":"https:\/\/www.yshiatsu.com\/producte\/maq-emotional-glossbrillo-de-labios-cremoso\/"},"modified":"2021-05-02T11:52:58","modified_gmt":"2021-05-02T09:52:58","slug":"maq-emotional-glossbrillo-de-labios-cremoso","status":"publish","type":"product","link":"https:\/\/www.yshiatsu.com\/es\/producte\/maq-emotional-glossbrillo-de-labios-cremoso\/","title":{"rendered":"MAQ.Emotional GlossBrillo de labios cremoso"},"content":{"rendered":"<p>Su f\u00f3rmula a base de agua y aceites (arg\u00e1n, ricino y oliva) act\u00faa como un potente hidratante para regenerar los labios, reducir l\u00edneas y arrugas y darles volumen.<\/p>\n<p>Est\u00e1 libre de parabenos.<\/p>\n<p>Aplicar directamente en los labios, o utilizar sobre el labial o el delineador para potenciar el brillo y el volumen.<br \/>\nINGREDIENTES:<br \/>\nF\u00f3rmula a base de agua, aceite de ricino, aceite de oliva y aceite de arg\u00e1n. Est\u00e1 libre de parabenos.<br \/>\nIngredientes Ficha t\u00e9cnica Valoraciones (8)<br \/>\ntextura<br \/>\nl\u00edquida<\/p>\n<p>acabado<br \/>\nAlta cobertura, Brillante, Larga duraci\u00f3n<\/p>\n<p>presentaci\u00f3n<br \/>\nTubo transparente con aplicador<\/p>\n<p>capacidad<br \/>\n6 ml<\/p>\n<p>PAU<br \/>\n18 M<\/p>\n","protected":false},"excerpt":{"rendered":"<p>Brillo de labios cremoso que proporciona una cobertura intensa y un color puro y muy brillante con un efecto espejo extremadamente duradero. Este gloss recubre los labios con una textura ligera sin perder la comodidad y la sensaci\u00f3n agradable.<\/p>\n","protected":false},"featured_media":9183,"template":"","meta":[],"_links":{"self":[{"href":"https:\/\/www.yshiatsu.com\/es\/wp-json\/wp\/v2\/product\/11504"}],"collection":[{"href":"https:\/\/www.yshiatsu.com\/es\/wp-json\/wp\/v2\/product"}],"about":[{"href":"https:\/\/www.yshiatsu.com\/es\/wp-json\/wp\/v2\/types\/product"}],"wp:featuredmedia":[{"embeddable":true,"href":"https:\/\/www.yshiatsu.com\/es\/wp-json\/wp\/v2\/media\/9183"}],"wp:attachment":[{"href":"https:\/\/www.yshiatsu.com\/es\/wp-json\/wp\/v2\/media?parent=11504"}],"curies":[{"name":"wp","href":"https:\/\/api.w.org\/{rel}","templated":true}]}}