{"id":11505,"date":"2021-05-02T11:29:19","date_gmt":"2021-05-02T09:29:19","guid":{"rendered":"https:\/\/www.yshiatsu.com\/producte\/maq-magnetic-lipstickbarra-de-labios-cremosa-4\/"},"modified":"2021-05-02T11:29:19","modified_gmt":"2021-05-02T09:29:19","slug":"maq-magnetic-lipstickbarra-de-labios-cremosa-4","status":"publish","type":"product","link":"https:\/\/www.yshiatsu.com\/es\/producte\/maq-magnetic-lipstickbarra-de-labios-cremosa-4\/","title":{"rendered":"MAQ. Magnetic LipstickBarra de labios cremosa"},"content":{"rendered":"<p>INGREDIENTES:<br \/>\nVitamina E, propiedades antioxidantes<\/p>\n<p>Complejo de ceramidas<\/p>\n<p>Aceite de ricino: Ingrediente considerado como un anti-envejecimiento natural-, protege la piel contra los radicales libres. Deja la piel tersa, hidratada, el\u00e1stica y m\u00e1s joven. Promueve la producci\u00f3n de col\u00e1geno y elastina.<\/p>\n<p>Cera de carnauba (cera vegetal): Crea una pel\u00edcula protectora sobre el labio que ayuda a mantener la hidrataci\u00f3n y la suavidad.<br \/>\ntextura<br \/>\ncrema<\/p>\n<p>acabado<br \/>\ncremoso<\/p>\n<p>presentaci\u00f3n<br \/>\nenvase magn\u00e9tico<\/p>\n<p>capacidad<br \/>\n3g<\/p>\n<p>PAU<br \/>\n24M.<\/p>\n","protected":false},"excerpt":{"rendered":"<p>La barra de labios Magnetic Lipstick tiene una textura cremosa que se desliza suavemente facilitando su aplicaci\u00f3n. 10 colores impactantes con una elevada carga de pigmento que nos permite dise\u00f1ar una gama de colores muy atractivos, favorecedores y con un acabado aterciopelado en los labios. Alta cobertura, hidrataci\u00f3n y confort.<\/p>\n<p>ELIGE TU COLOR Y ESPECIFICA EL NUMERO DE LA REFERENCIA PARA HACER EL PEDIDO.<\/p>\n","protected":false},"featured_media":9258,"template":"","meta":[],"_links":{"self":[{"href":"https:\/\/www.yshiatsu.com\/es\/wp-json\/wp\/v2\/product\/11505"}],"collection":[{"href":"https:\/\/www.yshiatsu.com\/es\/wp-json\/wp\/v2\/product"}],"about":[{"href":"https:\/\/www.yshiatsu.com\/es\/wp-json\/wp\/v2\/types\/product"}],"wp:featuredmedia":[{"embeddable":true,"href":"https:\/\/www.yshiatsu.com\/es\/wp-json\/wp\/v2\/media\/9258"}],"wp:attachment":[{"href":"https:\/\/www.yshiatsu.com\/es\/wp-json\/wp\/v2\/media?parent=11505"}],"curies":[{"name":"wp","href":"https:\/\/api.w.org\/{rel}","templated":true}]}}