{"id":12369,"date":"2022-01-26T12:36:04","date_gmt":"2022-01-26T11:36:04","guid":{"rendered":"https:\/\/www.yshiatsu.com\/?post_type=product&#038;p=12369"},"modified":"2022-01-26T12:36:05","modified_gmt":"2022-01-26T11:36:05","slug":"desquacrem-forte-microderm-50ml","status":"publish","type":"product","link":"https:\/\/www.yshiatsu.com\/es\/producte\/desquacrem-forte-microderm-50ml\/","title":{"rendered":"DESQUACREM FORTE MICRODERM. 50ML."},"content":{"rendered":"<p>\u00a1Acci\u00f3n reforzada! El profundo limpiador emblem\u00e1tico de la marca se ha potenciado con \u00e1cido salic\u00edlico y micro gr\u00e1nulos de arroz para combinar una acci\u00f3n limpiadora profunda de los poros con una acci\u00f3n exfoliante.<\/p>\n<p>ACTIVOS<br \/>\n\u00c1CIDO SALIC\u00cdLICO 2%<br \/>\nEliminar las c\u00e9lulas muertas, purificar los poros y favorecer la luminosidad de la piel.<\/p>\n<p>Microgr\u00e1nulos DE ARROZ<br \/>\nExfoliaci\u00f3n mec\u00e1nica.<\/p>\n<p>LIPOAMINO\u00c1CIDOS AGENTES LIMPIADORES SUAVES<br \/>\nLimpiar con suavidad.<\/p>\n<p>gips\u00f3fila<br \/>\nLimpiador suave.<\/p>\n","protected":false},"excerpt":{"rendered":"<p>UTILIZACI\u00d3N<br \/>\nRepartir en capa fina sobre la piel limpia y h\u00fameda, con movimientos circulares y con los dedos humedecidos. Evitar el contorno de los ojos. Dejar actuar de 1 a 3 minutos. Emulsionar con agua y despu\u00e9s aclarar. Repetir estas 2 operaciones hasta la eliminaci\u00f3n completa del producto. Perfeccionar la limpieza con la loci\u00f3n adaptada al tipo de piel y despu\u00e9s secar con suavidad. Continuar con el suero y la quema de tratamiento Sothys adaptados. Frecuencia: 2 veces por semana.<br \/>\nBENEFICIOS<br \/>\nId\u00f3neo para pieles normales, mixtas en grasas, asfixiadas, cansadas, que presentan signos de envejecimiento o irregularidades pigmentarias.<\/p>\n<p>Producto por:<br \/>\nTipo de piel<br \/>\n&#8211; Todos los tipos de piel<\/p>\n","protected":false},"featured_media":12370,"template":"","meta":[],"_links":{"self":[{"href":"https:\/\/www.yshiatsu.com\/es\/wp-json\/wp\/v2\/product\/12369"}],"collection":[{"href":"https:\/\/www.yshiatsu.com\/es\/wp-json\/wp\/v2\/product"}],"about":[{"href":"https:\/\/www.yshiatsu.com\/es\/wp-json\/wp\/v2\/types\/product"}],"wp:featuredmedia":[{"embeddable":true,"href":"https:\/\/www.yshiatsu.com\/es\/wp-json\/wp\/v2\/media\/12370"}],"wp:attachment":[{"href":"https:\/\/www.yshiatsu.com\/es\/wp-json\/wp\/v2\/media?parent=12369"}],"curies":[{"name":"wp","href":"https:\/\/api.w.org\/{rel}","templated":true}]}}