{"id":12403,"date":"2021-03-15T17:19:19","date_gmt":"2022-01-27T15:25:47","guid":{"rendered":"https:\/\/www.yshiatsu.com\/?post_type=product&#038;p=12403"},"modified":"2022-01-27T16:25:47","modified_gmt":"2022-01-27T15:25:47","slug":"beclarity-emulsion-limpiadora-aclarante-200ml","status":"publish","type":"product","link":"https:\/\/www.yshiatsu.com\/es\/producte\/beclarity-emulsion-limpiadora-aclarante-200ml\/","title":{"rendered":"BECLARITY.Emulsi\u00f3n Limpiadora aclarante 200ml"},"content":{"rendered":"<p>DESCRIPCI\u00d3N<\/p>\n<p>Emulsi\u00f3n limpiadora facial con acci\u00f3n aclarante. Favorece el arrastre de trazas de maquillaje e impurezas acumuladas en la superficie d\u00e9rmica. Unifica el tono, homogeneizando su apariencia. Aten\u00faa las irregularidades pigmentarias, recuperando la luminosidad perdida.<\/p>\n<p>ACCIONES<br \/>\n\u2022 Limpiadora<br \/>\n\u2022 Equilibrante<br \/>\n\u2022 Aclarando<\/p>\n<p>PRINCIPIOS ACTIVOS<br \/>\nPronalan frutos \u00e1cidos: Combinado de diferentes AHA s que promueve el adelgazamiento del estrato c\u00f3rneo, mejora la flexibilidad de la piel e incentiva los mecanismos de autohidrataci\u00f3n de la piel.<br \/>\nExtracto de regaliz (Glycyrrhiza Glabra Root Extract): Despigmentante y fotoprotector.<br \/>\nBeta\u00edna (Betaine): Mantiene el equilibrio hidrolip\u00eddico, fortalece la funci\u00f3n barrera y previene en la piel de la agresi\u00f3n por sustancias nocivas.<\/p>\n","protected":false},"excerpt":{"rendered":"<p>Emulsi\u00f3n limpiadora facial con acci\u00f3n aclarante. Favorece el arrastre de trazas de maquillaje e impurezas acumuladas en la superficie d\u00e9rmica. Unifica el tono, homogeneizando su apariencia. Aten\u00faa las irregularidades pigmentarias, recuperando la luminosidad perdida.<\/p>\n","protected":false},"featured_media":12404,"template":"","meta":[],"_links":{"self":[{"href":"https:\/\/www.yshiatsu.com\/es\/wp-json\/wp\/v2\/product\/12403"}],"collection":[{"href":"https:\/\/www.yshiatsu.com\/es\/wp-json\/wp\/v2\/product"}],"about":[{"href":"https:\/\/www.yshiatsu.com\/es\/wp-json\/wp\/v2\/types\/product"}],"wp:featuredmedia":[{"embeddable":true,"href":"https:\/\/www.yshiatsu.com\/es\/wp-json\/wp\/v2\/media\/12404"}],"wp:attachment":[{"href":"https:\/\/www.yshiatsu.com\/es\/wp-json\/wp\/v2\/media?parent=12403"}],"curies":[{"name":"wp","href":"https:\/\/api.w.org\/{rel}","templated":true}]}}