{"id":12489,"date":"2022-01-31T20:50:25","date_gmt":"2022-02-01T19:08:57","guid":{"rendered":"https:\/\/www.yshiatsu.com\/?post_type=product&#038;p=12489"},"modified":"2022-02-01T20:08:58","modified_gmt":"2022-02-01T19:08:58","slug":"lapiz-de-ojos-negro-universal-sothys","status":"publish","type":"product","link":"https:\/\/www.yshiatsu.com\/es\/producte\/lapiz-de-ojos-negro-universal-sothys\/","title":{"rendered":"L\u00e1piz de ojos negro universal. Sothys"},"content":{"rendered":"<p>L\u00e1piz perfilador y kh\u00f4l de textura cremosa y color intenso, para realizar f\u00e1cilmente desde maquillajes sencillos a maquillajes m\u00e1s sofisticados.<br \/>\nACTIVOS<br \/>\nELEMENTOS VOL\u00c1TILES<br \/>\nAsegurar la permanencia de maquillaje durante toda la jornada.<\/p>\n","protected":false},"excerpt":{"rendered":"<p>UTILIZACI\u00d3N<br \/>\nPara realizar una gran variedad de maquillajes, utilizar el L\u00e1piz de ojos negro universal con los pinceles de ojos 10 y 20 Sothys. Testado bajo control oftalmol\u00f3gico.<br \/>\nBENEFICIOS<br \/>\nL\u00e1pices de ojos waterproof de larga duraci\u00f3n, que se mantiene perfectamente a lo largo de todo el d\u00eda. El m\u00e1s del producto: difuminador y sacapuntas incorporado.<br \/>\nProducto para:<br \/>\nTipo de piel<br \/>\n&#8211; Todos los tipos de piel<\/p>\n","protected":false},"featured_media":12466,"template":"","meta":[],"_links":{"self":[{"href":"https:\/\/www.yshiatsu.com\/es\/wp-json\/wp\/v2\/product\/12489"}],"collection":[{"href":"https:\/\/www.yshiatsu.com\/es\/wp-json\/wp\/v2\/product"}],"about":[{"href":"https:\/\/www.yshiatsu.com\/es\/wp-json\/wp\/v2\/types\/product"}],"wp:featuredmedia":[{"embeddable":true,"href":"https:\/\/www.yshiatsu.com\/es\/wp-json\/wp\/v2\/media\/12466"}],"wp:attachment":[{"href":"https:\/\/www.yshiatsu.com\/es\/wp-json\/wp\/v2\/media?parent=12489"}],"curies":[{"name":"wp","href":"https:\/\/api.w.org\/{rel}","templated":true}]}}