{"id":12507,"date":"2021-04-29T16:05:28","date_gmt":"2022-02-02T16:48:45","guid":{"rendered":"https:\/\/www.yshiatsu.com\/?post_type=product&#038;p=12507"},"modified":"2022-02-02T17:48:45","modified_gmt":"2022-02-02T16:48:45","slug":"pocket-crema-facial-de-seda-30ml","status":"publish","type":"product","link":"https:\/\/www.yshiatsu.com\/es\/producte\/pocket-crema-facial-de-seda-30ml\/","title":{"rendered":"POCKET CREMA FACIAL DE SEDA. 30ml"},"content":{"rendered":"<p>PRINCIPIOS ACTIVOS:<br \/>\nBELIDAS\u2122: Sus propiedades despejadas e iluminadoras proporcionan un aspecto m\u00e1s uniforme en la piel, haciendo que la pigmentaci\u00f3n y las manchas sean menos visibles.<\/p>\n<p>ACEITE DE JOJOBA (Simmondsia Chinensis Seed Oil): Rico en antioxidantes, act\u00faa previniendo el envejecimiento. Adem\u00e1s, proporcionar una hidrataci\u00f3n profunda y reestructurar el equilibrio lip\u00eddico.<\/p>\n<p>ACEITE DE ROSA DE MOSQUETA (Rosa moschata Oil): Rico en aceites esenciales, preserva el capital de juventud de la piel y sus propiedades regenerantes lo convierten en un aliado perfecto como ingrediente antiedad.<\/p>\n<p>COMPOSICI\u00d3N:<br \/>\nAQUA, CYCLOPENTASILOXANE, PIEGO \/ PPG-18\/18 DIMETHICONE, DIMETHICONE, PARAFFINUM LIQUIDUM, Glycer\u00edn, Simmondsia chinensis SEED \u00d3ILO, ALUMINUM STARCH OCTENYLSUCCINATE, BELLIS PERENNIS FLOWER EXCTE, BELLIS PERENNIS FLOWER EXCT TRIGLYERIDE, CETYL ALCOHOL, GLYCERYL stearate, PEG-75 stearate, STEARETH-20, CETETH-20, SILICA, TOCOPHERYL acetate, PROPYL gallate, TOCOPHEROL, TETRASODIUM GLUTAMATE DIACETATE, ACTUDO CRYSCO, 1000000 Phenoxyethanol, potasio SORBATE, Sodium PHOSPHATE, ETHYLHEXYLGLYCERIN, PARFUMO, Benzyl salicylate, linalool.<\/p>\n","protected":false},"excerpt":{"rendered":"<p>DESCRIPCI\u00d3N:<br \/>\nV\u00edstete DE SEDA. Crema facial envolvente que aporta un aspecto aterciopelado. Refuerza la funci\u00f3n barrera, creando una pel\u00edcula protectora que reduce la p\u00e9rdida de agua transd\u00e9rmica, manteniendo la hidrataci\u00f3n y nutrici\u00f3n de la piel en equilibrio, dej\u00e1ndola con un aspecto uniforme y libre de brillos.<\/p>\n<p>ACCIONES:<br \/>\n\u2022 Hidratante.<br \/>\n\u2022 Nutritiva.<br \/>\n\u2022 aclarante\/iluminadora.<br \/>\nRESULTADO:<br \/>\nUna piel hidratada con un aspecto uniforme y sin brillos, de tacto sedoso.<\/p>\n","protected":false},"featured_media":9010,"template":"","meta":[],"_links":{"self":[{"href":"https:\/\/www.yshiatsu.com\/es\/wp-json\/wp\/v2\/product\/12507"}],"collection":[{"href":"https:\/\/www.yshiatsu.com\/es\/wp-json\/wp\/v2\/product"}],"about":[{"href":"https:\/\/www.yshiatsu.com\/es\/wp-json\/wp\/v2\/types\/product"}],"wp:featuredmedia":[{"embeddable":true,"href":"https:\/\/www.yshiatsu.com\/es\/wp-json\/wp\/v2\/media\/9010"}],"wp:attachment":[{"href":"https:\/\/www.yshiatsu.com\/es\/wp-json\/wp\/v2\/media?parent=12507"}],"curies":[{"name":"wp","href":"https:\/\/api.w.org\/{rel}","templated":true}]}}