{"id":12510,"date":"2021-04-22T18:24:33","date_gmt":"2022-02-02T16:57:27","guid":{"rendered":"https:\/\/www.yshiatsu.com\/?post_type=product&#038;p=12510"},"modified":"2022-02-02T17:57:27","modified_gmt":"2022-02-02T16:57:27","slug":"glaciar-crema-hidratante-piel-seca-50ml-2","status":"publish","type":"product","link":"https:\/\/www.yshiatsu.com\/es\/producte\/glaciar-crema-hidratante-piel-seca-50ml-2\/","title":{"rendered":"GLACIAR. CREMA HIDRATANTE. PIEL SECA 50ml"},"content":{"rendered":"<p>PRINCIPIOS ACTIVOS<br \/>\nAGUA GLACIAR LIPOSOMADA: Agua de gran pureza y frescura. La encapsulaci\u00f3n en liposomas aumenta su penetraci\u00f3n en la piel en sinergia con el resto de activos. Ofrece hidrataci\u00f3n y protecci\u00f3n de la piel frente al estr\u00e9s celular.<\/p>\n<p>\u00c1CIDO HIALUR\u00d3NICO DE BAJO Y ALTO PESO MOLECULAR (Sodium Hyaluronate): Esta combinaci\u00f3n proporciona, respectivamente, hidrataci\u00f3n intensa a las capas m\u00e1s profundas de la piel y restauraci\u00f3n de los niveles \u00f3ptimos de hidrataci\u00f3n previniendo el escape de agua superficial.<\/p>\n<p>Ceramidas (Ceramide-3): Son resistentes a la oxidaci\u00f3n y ofrecen una mayor cohesi\u00f3n celular en el estrato c\u00f3rneo, favoreciendo la funci\u00f3n barrera y previniendo la p\u00e9rdida transd\u00e9rmica de agua (TEWL).<\/p>\n<p>ACEITE DE AGUACATE (Persea gratissima Oil): Hidratante y nutritivo. Regula la descamaci\u00f3n anormal de la piel favoreciendo la funci\u00f3n protectora.<br \/>\nCOMPOSICI\u00d3N<br \/>\nAQUA, Glycerin, Persea gratissima OIL, DICAPRYLYL ETHER, Caprylic \/ Caprich TRIGLYCERIDE, CYCLOPENTASILOXANE, Butyrospermum parkii BUTTER, CETYL ALCOHOL, GLYCERYL Stearate, SQUALANE, Sodium HYALURONTE, SODIUM HYALURONTE, , STEARETH-20, PROPYL gallate, TOCOPHEROL, carbomer, ALCOHOL Denat, * Sodium * Hydroxide, PHOSPHOLIPIDS, Phenoxyethanol, ETHYLHEXYLGLYCERIN, PARFUM, Benzyl salicylate, HYDROXYCRON, HYDROXYCRON.<\/p>\n","protected":false},"excerpt":{"rendered":"<p>DESCRIPCI\u00d3N<br \/>\nCrema hidratante facial destinada a un p\u00fablico joven para preservar la calidad d\u00e9rmica de su piel por m\u00e1s tiempo. Su f\u00f3rmula hidratante estimula y restablece los mecanismos de autohidrataci\u00f3n de la piel, restaurando la barrera lip\u00eddica natural. Ideal para pieles secas y sensibles por su aporte extra de nutrici\u00f3n, que ofrece una mayor protecci\u00f3n.<\/p>\n<p>ACCIONES<br \/>\n\u2022 Hidratante.<br \/>\n\u2022 Nutritiva.<br \/>\n\u2022 Restauradora.<br \/>\n\u2022 Protectora.<\/p>\n<p>RESULTADO<br \/>\nUna piel hidratada, fresca y flexible, con un extra de confort.<\/p>\n","protected":false},"featured_media":8695,"template":"","meta":[],"_links":{"self":[{"href":"https:\/\/www.yshiatsu.com\/es\/wp-json\/wp\/v2\/product\/12510"}],"collection":[{"href":"https:\/\/www.yshiatsu.com\/es\/wp-json\/wp\/v2\/product"}],"about":[{"href":"https:\/\/www.yshiatsu.com\/es\/wp-json\/wp\/v2\/types\/product"}],"wp:featuredmedia":[{"embeddable":true,"href":"https:\/\/www.yshiatsu.com\/es\/wp-json\/wp\/v2\/media\/8695"}],"wp:attachment":[{"href":"https:\/\/www.yshiatsu.com\/es\/wp-json\/wp\/v2\/media?parent=12510"}],"curies":[{"name":"wp","href":"https:\/\/api.w.org\/{rel}","templated":true}]}}