{"id":12529,"date":"2021-09-16T17:04:06","date_gmt":"2022-02-03T09:48:28","guid":{"rendered":"https:\/\/www.yshiatsu.com\/?post_type=product&#038;p=12529"},"modified":"2022-02-03T10:48:28","modified_gmt":"2022-02-03T09:48:28","slug":"hi-sculpt-sculpture-reafirmante-neuromuscular-2","status":"publish","type":"product","link":"https:\/\/www.yshiatsu.com\/es\/producte\/hi-sculpt-sculpture-reafirmante-neuromuscular-2\/","title":{"rendered":"HI &#8211; SCULPT SCULPTURE. REAFIRMANTE NEUROMUSCULAR"},"content":{"rendered":"<p>\u00bfC\u00f3mo funciona la tecnolog\u00eda HIFEM SCULPT?<br \/>\nSe trata de un dispositivo de \u00faltima generaci\u00f3n que aplica Energ\u00eda Electromagn\u00e9tica focalizada de Alta Intensidad, HIFEM\u00ae (High-Intensity Focused Electromagnetic).<br \/>\nLos pulsos electromagn\u00e9ticos pasan a trav\u00e9s de la piel de forma no invasiva y totalmente indolora, sin generar ninguna rotura fibrilar ni tener agujetas.<br \/>\nVarios estudios cl\u00ednicos han comprobado su eficacia, en medicina est\u00e9tica consigue unos resultados realmente espectaculares, adem\u00e1s resulta muy \u00fatil en el tratamiento de algunas patolog\u00edas de la musculatura.<br \/>\nEstimula directamente las neuronas motoras para que activen el m\u00fasculo, contray\u00e9ndolo. Pero no s\u00f3lo eso, lo hace con una frecuencia muy superior (supram\u00e1xima) a la que lo realiza el sistema nervioso. Estamos hablando de hasta 150 contracciones por segundo, consiguiendo remodelar la figura desde dentro fortaleciendo la musculatura interna y eliminando los dep\u00f3sitos de grasa persistentes.<br \/>\nDebido a la contracci\u00f3n muscular 100% extrema de la tecnolog\u00eda HIFEM SCULPT, el m\u00fasculo no tiene ocasi\u00f3n de relajarse entre las contracciones. Como consecuencia, necesita consumir grandes cantidades de energ\u00eda.<\/p>\n","protected":false},"excerpt":{"rendered":"<p>10 SESIONES +2 SESIONES REGALO = 12 SESIONES TRATAMIENTO 1 ZONA.<br \/>\n1 SESI\u00d3N SEMANA<\/p>\n<p>30 MIN UNA ZONA A TRATAR.<br \/>\n60 MIN DOS ZONAS A TRATAR.<br \/>\n90 MIN TRES ZONAS A TRATAR.<\/p>\n<p>Despu\u00e9s de finalizar un tratamiento:<\/p>\n<p>1- Aumenta efectivamente el 16% del m\u00fasculo<br \/>\n2- Reduce el 19% de grasa al mismo tiempo.<br \/>\n3- Reduce la posibilidad de lesiones. El fortalecimiento de los grupos musculares centrales y el gl\u00fateo consigue proteger la columna vertebral, mantener la estabilidad del tronco, mantener la postura correcta, proporcionar soporte estructural a todo el cuerpo y crear un cuerpo atl\u00e9tico.<br \/>\n3- Disminuir hasta un 11% la separaci\u00f3n del recto abdominal (di\u00e1stasis abdominal postparto).<br \/>\n4- Reforzar toda la musculatura del suelo p\u00e9lvico y activar la regeneraci\u00f3n de col\u00e1geno, ayuda a resolver el problema de la infiltraci\u00f3n de orina y la incontinencia, e indirectamente conseguir el efecto de tensar la vagina<br \/>\n5- Reducir y moldear la cintura.<br \/>\n6- Tonificar y elevar los gl\u00fateos<br \/>\n7- Aumenta 5 veces el metabolismo de las grasas <\/p>\n","protected":false},"featured_media":10274,"template":"","meta":[],"_links":{"self":[{"href":"https:\/\/www.yshiatsu.com\/es\/wp-json\/wp\/v2\/product\/12529"}],"collection":[{"href":"https:\/\/www.yshiatsu.com\/es\/wp-json\/wp\/v2\/product"}],"about":[{"href":"https:\/\/www.yshiatsu.com\/es\/wp-json\/wp\/v2\/types\/product"}],"wp:featuredmedia":[{"embeddable":true,"href":"https:\/\/www.yshiatsu.com\/es\/wp-json\/wp\/v2\/media\/10274"}],"wp:attachment":[{"href":"https:\/\/www.yshiatsu.com\/es\/wp-json\/wp\/v2\/media?parent=12529"}],"curies":[{"name":"wp","href":"https:\/\/api.w.org\/{rel}","templated":true}]}}