{"id":12550,"date":"2021-05-05T15:16:55","date_gmt":"2022-02-04T10:53:26","guid":{"rendered":"https:\/\/www.yshiatsu.com\/?post_type=product&#038;p=12550"},"modified":"2022-02-04T11:53:26","modified_gmt":"2022-02-04T10:53:26","slug":"programa-compact-especial-novias-2","status":"publish","type":"product","link":"https:\/\/www.yshiatsu.com\/es\/producte\/programa-compact-especial-novias-2\/","title":{"rendered":"PROGRAMA &#8220;COMPACT&#8221; ESPECIAL NOVIAS."},"content":{"rendered":"<p>El ritual que solemos realizar en SHIATSU ESTETICA para dejar a las novias perfectas para el d\u00eda de la boda es el siguiente:<\/p>\n<p>&#8211; Dos meses antes una prueba de maquillaje y peluquer\u00eda.<br \/>\n&#8211; Un mes antes, hacer una limpieza profunda, un cuidado excepcional para la piel, o uno espec\u00edfico seg\u00fan necesidad de la persona.<br \/>\n&#8211; 15 d\u00edas antes deber\u00eda realizarse un tratamiento facial con hidrataci\u00f3n extrema, con mesoterapia o radofrecuencia, seg\u00fan tipo de piel de la novia.<br \/>\n&#8211; Dos d\u00edas antes es el momento del dise\u00f1o de cejas, la extensi\u00f3n de pesta\u00f1as, la exfoliaci\u00f3n corporal y un tratamiento autobronceador, si lo requiere.<br \/>\n&#8211; Un d\u00eda antes ya s\u00f3lo queda el tratamiento intensivo de luminosidad.<\/p>\n<p>-Tambi\u00e9n estar\u00eda bien un tratamiento de manos y pies espec\u00edficos, y aqu\u00ed recomendar\u00edamos la manicura shellac, ya que aseguras lucir unas manos m\u00e1s impecables ese d\u00eda y lucirlas tambi\u00e9n en la luna de miel.<\/p>\n<p>Para esta ocasi\u00f3n especial disponemos de unos packs diferentes en funci\u00f3n de las necesidades de la novia o del novio -\u00a1que ellos tambi\u00e9n deben estar guapos! -. Todos ellos incluyen un diagn\u00f3stico previo de la piel para ver qu\u00e9 es lo que m\u00e1s favorecer\u00eda a cada uno.<\/p>\n<p>Pack 1: 290 \u20ac<\/p>\n<p>Pack 2: 400 \u20ac<\/p>\n","protected":false},"excerpt":{"rendered":"<p>Hay que tener en cuenta que para que un maquillaje quede bien, se debe trabajar con una base en la que la piel se vea hermosa. As\u00ed que para ir bien de tiempo, el tratamiento est\u00e9tico comienza tres meses antes del enlace, con un protocolo con diferentes t\u00e9cnicas: facial, corporal y cabello. En caso de que la novia tenga m\u00e1s de 35 a\u00f1os, aconsejamos empezar con los tratamientos cinco meses antes, para poder corregir los primeros signos de la edad y as\u00ed lucir una piel joven. Y si adem\u00e1s, quieres tambi\u00e9n un tratamiento corporal espec\u00edfico para adelgazar, remodelar o reafirmar en este caso deber\u00eda empezar unos dos meses antes.<\/p>\n","protected":false},"featured_media":8583,"template":"","meta":[],"_links":{"self":[{"href":"https:\/\/www.yshiatsu.com\/es\/wp-json\/wp\/v2\/product\/12550"}],"collection":[{"href":"https:\/\/www.yshiatsu.com\/es\/wp-json\/wp\/v2\/product"}],"about":[{"href":"https:\/\/www.yshiatsu.com\/es\/wp-json\/wp\/v2\/types\/product"}],"wp:featuredmedia":[{"embeddable":true,"href":"https:\/\/www.yshiatsu.com\/es\/wp-json\/wp\/v2\/media\/8583"}],"wp:attachment":[{"href":"https:\/\/www.yshiatsu.com\/es\/wp-json\/wp\/v2\/media?parent=12550"}],"curies":[{"name":"wp","href":"https:\/\/api.w.org\/{rel}","templated":true}]}}