{"id":12553,"date":"2021-05-02T10:51:23","date_gmt":"2022-02-04T11:45:57","guid":{"rendered":"https:\/\/www.yshiatsu.com\/?post_type=product&#038;p=12553"},"modified":"2022-02-04T12:45:57","modified_gmt":"2022-02-04T11:45:57","slug":"maq-hypnotic-black-mascara-10-ml","status":"publish","type":"product","link":"https:\/\/www.yshiatsu.com\/es\/producte\/maq-hypnotic-black-mascara-10-ml\/","title":{"rendered":"MAQ.Hypnotic black mascara.10 ML"},"content":{"rendered":"<p>Contiene extractos de bamb\u00fa para cuidar y regenerar pesta\u00f1as. Utilizar desmaquillador bif\u00e1sico.<br \/>\nIngredientes Ficha t\u00e9cnica Valoraciones (4)<br \/>\nINGREDIENTES:<br \/>\nContiene vitamina E, phantenol y principios activos del bamb\u00fa. Es libre en parabenos y perfumes.<\/p>\n<p>presentaci\u00f3n<br \/>\nTubo con aplicador de cerdas<\/p>\n<p>textura<br \/>\ncrema<\/p>\n<p>waterproof<br \/>\ns\u00ed<\/p>\n<p>capacidad<br \/>\n10ml<\/p>\n<p>PAU<br \/>\n9M<\/p>\n","protected":false},"excerpt":{"rendered":"<p>M\u00e1scara de pesta\u00f1as waterproof que con su f\u00f3rmula alarga, riza y da volumen a las pesta\u00f1as. Gracias a las cerdas de su cepillo, algunas de sus puntas m\u00e1s cortas y redondeadas que otras, ayudan a distribuir el producto de un modo uniforme, consiguiendo alargar, rizar y dar volumen.<\/p>\n","protected":false},"featured_media":9171,"template":"","meta":[],"_links":{"self":[{"href":"https:\/\/www.yshiatsu.com\/es\/wp-json\/wp\/v2\/product\/12553"}],"collection":[{"href":"https:\/\/www.yshiatsu.com\/es\/wp-json\/wp\/v2\/product"}],"about":[{"href":"https:\/\/www.yshiatsu.com\/es\/wp-json\/wp\/v2\/types\/product"}],"wp:featuredmedia":[{"embeddable":true,"href":"https:\/\/www.yshiatsu.com\/es\/wp-json\/wp\/v2\/media\/9171"}],"wp:attachment":[{"href":"https:\/\/www.yshiatsu.com\/es\/wp-json\/wp\/v2\/media?parent=12553"}],"curies":[{"name":"wp","href":"https:\/\/api.w.org\/{rel}","templated":true}]}}